{"id":351544,"date":"2026-03-08T01:35:14","date_gmt":"2026-03-08T00:35:14","guid":{"rendered":"https:\/\/grupotextil.es\/producto\/calcetines-work\/"},"modified":"2026-03-08T01:35:14","modified_gmt":"2026-03-08T00:35:14","slug":"calcetines-work","status":"publish","type":"product","link":"https:\/\/grupotextil.es\/en\/product\/calcetines-work\/","title":{"rendered":"Socks Work"},"content":{"rendered":"<ul>\n<li>72% algod\u00f3n, poli\u00e9ster 4%, 23% poliamida, 1% elastano<\/li>\n<li>Suela acolchada para mayor comodidad y protecci\u00f3n<\/li>\n<li>Ajuste perfecto, ideales para uso diario<\/li>\n<li>No secar en secadora<\/li>\n<li>1 pack = 3 pares de calcetines<\/li>\n<\/ul>","protected":false},"excerpt":{"rendered":"<p>72% algod\u00f3n, poli\u00e9ster 4%, 23% poliamida, 1% elastanoSuela acolchada para mayor comodidad y protecci\u00f3nAjuste perfecto, ideales para uso diarioNo secar en secadora1 pack = 3 pares de calcetines<\/p>","protected":false},"featured_media":407501,"comment_status":"open","ping_status":"closed","template":"","meta":{"_acf_changed":false},"product_brand":[11665],"product_cat":[13948,10160,13954,13939,13976,13973,14002],"product_tag":[],"class_list":{"0":"post-351544","1":"product","2":"type-product","3":"status-publish","4":"has-post-thumbnail","6":"product_brand-fruit-of-the-loom","7":"product_cat-accesorios","8":"product_cat-ropa-bebe","9":"product_cat-acc-bolsas-y-mochilas","10":"product_cat-deportivo","11":"product_cat-ropa-nino","12":"product_cat-ropa","13":"product_cat-b-sudaderas","14":"tm-no-options","16":"first","17":"instock","18":"taxable","19":"shipping-taxable","20":"product-type-variable"},"acf":[],"_links":{"self":[{"href":"https:\/\/grupotextil.es\/en\/wp-json\/wp\/v2\/product\/351544","targetHints":{"allow":["GET"]}}],"collection":[{"href":"https:\/\/grupotextil.es\/en\/wp-json\/wp\/v2\/product"}],"about":[{"href":"https:\/\/grupotextil.es\/en\/wp-json\/wp\/v2\/types\/product"}],"replies":[{"embeddable":true,"href":"https:\/\/grupotextil.es\/en\/wp-json\/wp\/v2\/comments?post=351544"}],"wp:featuredmedia":[{"embeddable":true,"href":"https:\/\/grupotextil.es\/en\/wp-json\/wp\/v2\/media\/407501"}],"wp:attachment":[{"href":"https:\/\/grupotextil.es\/en\/wp-json\/wp\/v2\/media?parent=351544"}],"wp:term":[{"taxonomy":"product_brand","embeddable":true,"href":"https:\/\/grupotextil.es\/en\/wp-json\/wp\/v2\/product_brand?post=351544"},{"taxonomy":"product_cat","embeddable":true,"href":"https:\/\/grupotextil.es\/en\/wp-json\/wp\/v2\/product_cat?post=351544"},{"taxonomy":"product_tag","embeddable":true,"href":"https:\/\/grupotextil.es\/en\/wp-json\/wp\/v2\/product_tag?post=351544"}],"curies":[{"name":"wp","href":"https:\/\/api.w.org\/{rel}","templated":true}]}}