{"id":351548,"date":"2026-03-08T01:35:15","date_gmt":"2026-03-08T00:35:15","guid":{"rendered":"https:\/\/grupotextil.es\/producto\/sudadera-bebe-essential\/"},"modified":"2026-03-08T01:35:15","modified_gmt":"2026-03-08T00:35:15","slug":"sudadera-bebe-essential","status":"publish","type":"product","link":"https:\/\/grupotextil.es\/en\/product\/sudadera-bebe-essential\/","title":{"rendered":"Sudadera beb\u00e9 Essential"},"content":{"rendered":"<ul>\n<li>280 g\/m\u00b2<\/li>\n<li>80% algod\u00f3n org\u00e1nico, 20% poli\u00e9ster reciclado<\/li>\n<li>Capucha de doble capa<\/li>\n<li>Cinta de cuello en espiga al mismo color<\/li>\n<li>Panel de refuerzo en el cuello<\/li>\n<li>Pu\u00f1os y dobladillo inferior de canal\u00e9<\/li>\n<li>Etiqueta extra\u00edble<\/li>\n<\/ul>","protected":false},"excerpt":{"rendered":"<p>280 g\/m\u00b280% algod\u00f3n org\u00e1nico, 20% poli\u00e9ster recicladoCapucha de doble capaCinta de cuello en espiga al mismo colorPanel de refuerzo en el cuelloPu\u00f1os y dobladillo inferior de canal\u00e9Etiqueta extra\u00edble<\/p>","protected":false},"featured_media":407524,"comment_status":"open","ping_status":"closed","template":"","meta":{"_acf_changed":false},"product_brand":[11662],"product_cat":[13948,10160,13954,13939,13976,13973,14002],"product_tag":[],"class_list":{"0":"post-351548","1":"product","2":"type-product","3":"status-publish","4":"has-post-thumbnail","6":"product_brand-babybugz","7":"product_cat-accesorios","8":"product_cat-ropa-bebe","9":"product_cat-acc-bolsas-y-mochilas","10":"product_cat-deportivo","11":"product_cat-ropa-nino","12":"product_cat-ropa","13":"product_cat-b-sudaderas","14":"tm-no-options","16":"first","17":"instock","18":"taxable","19":"shipping-taxable","20":"product-type-variable"},"acf":[],"_links":{"self":[{"href":"https:\/\/grupotextil.es\/en\/wp-json\/wp\/v2\/product\/351548","targetHints":{"allow":["GET"]}}],"collection":[{"href":"https:\/\/grupotextil.es\/en\/wp-json\/wp\/v2\/product"}],"about":[{"href":"https:\/\/grupotextil.es\/en\/wp-json\/wp\/v2\/types\/product"}],"replies":[{"embeddable":true,"href":"https:\/\/grupotextil.es\/en\/wp-json\/wp\/v2\/comments?post=351548"}],"wp:featuredmedia":[{"embeddable":true,"href":"https:\/\/grupotextil.es\/en\/wp-json\/wp\/v2\/media\/407524"}],"wp:attachment":[{"href":"https:\/\/grupotextil.es\/en\/wp-json\/wp\/v2\/media?parent=351548"}],"wp:term":[{"taxonomy":"product_brand","embeddable":true,"href":"https:\/\/grupotextil.es\/en\/wp-json\/wp\/v2\/product_brand?post=351548"},{"taxonomy":"product_cat","embeddable":true,"href":"https:\/\/grupotextil.es\/en\/wp-json\/wp\/v2\/product_cat?post=351548"},{"taxonomy":"product_tag","embeddable":true,"href":"https:\/\/grupotextil.es\/en\/wp-json\/wp\/v2\/product_tag?post=351548"}],"curies":[{"name":"wp","href":"https:\/\/api.w.org\/{rel}","templated":true}]}}