{"id":351719,"date":"2026-03-08T01:35:35","date_gmt":"2026-03-08T00:35:35","guid":{"rendered":"https:\/\/grupotextil.es\/producto\/pasamontanas-de-microfibra\/"},"modified":"2026-03-08T01:35:35","modified_gmt":"2026-03-08T00:35:35","slug":"pasamontanas-de-microfibra","status":"publish","type":"product","link":"https:\/\/grupotextil.es\/en\/product\/pasamontanas-de-microfibra\/","title":{"rendered":"Pasamonta\u00f1as de microfibra"},"content":{"rendered":"<ul>\n<li>100% poli\u00e9ster (microfibra)<\/li>\n<li>Tejido ligero y transpirable<\/li>\n<li>Pasamonta\u00f1as: cara oculta<\/li>\n<li>Costuras planas<\/li>\n<li>Acepta lavado a m\u00e1quinay no necesita planchado<\/li>\n<\/ul>","protected":false},"excerpt":{"rendered":"<p>100% poli\u00e9ster (microfibra)Tejido ligero y transpirablePasamonta\u00f1as: cara ocultaCosturas planasAcepta lavado a m\u00e1quinay no necesita planchado<\/p>","protected":false},"featured_media":407625,"comment_status":"open","ping_status":"closed","template":"","meta":{"_acf_changed":false},"product_brand":[11655],"product_cat":[13948,10160,13954,13939,13976,13973,14002],"product_tag":[],"class_list":{"0":"post-351719","1":"product","2":"type-product","3":"status-publish","4":"has-post-thumbnail","6":"product_brand-beechfield","7":"product_cat-accesorios","8":"product_cat-ropa-bebe","9":"product_cat-acc-bolsas-y-mochilas","10":"product_cat-deportivo","11":"product_cat-ropa-nino","12":"product_cat-ropa","13":"product_cat-b-sudaderas","14":"tm-no-options","16":"first","17":"instock","18":"taxable","19":"shipping-taxable","20":"product-type-variable"},"acf":[],"_links":{"self":[{"href":"https:\/\/grupotextil.es\/en\/wp-json\/wp\/v2\/product\/351719","targetHints":{"allow":["GET"]}}],"collection":[{"href":"https:\/\/grupotextil.es\/en\/wp-json\/wp\/v2\/product"}],"about":[{"href":"https:\/\/grupotextil.es\/en\/wp-json\/wp\/v2\/types\/product"}],"replies":[{"embeddable":true,"href":"https:\/\/grupotextil.es\/en\/wp-json\/wp\/v2\/comments?post=351719"}],"wp:featuredmedia":[{"embeddable":true,"href":"https:\/\/grupotextil.es\/en\/wp-json\/wp\/v2\/media\/407625"}],"wp:attachment":[{"href":"https:\/\/grupotextil.es\/en\/wp-json\/wp\/v2\/media?parent=351719"}],"wp:term":[{"taxonomy":"product_brand","embeddable":true,"href":"https:\/\/grupotextil.es\/en\/wp-json\/wp\/v2\/product_brand?post=351719"},{"taxonomy":"product_cat","embeddable":true,"href":"https:\/\/grupotextil.es\/en\/wp-json\/wp\/v2\/product_cat?post=351719"},{"taxonomy":"product_tag","embeddable":true,"href":"https:\/\/grupotextil.es\/en\/wp-json\/wp\/v2\/product_tag?post=351719"}],"curies":[{"name":"wp","href":"https:\/\/api.w.org\/{rel}","templated":true}]}}