{"id":351721,"date":"2026-03-08T01:35:36","date_gmt":"2026-03-08T00:35:36","guid":{"rendered":"https:\/\/grupotextil.es\/producto\/pijama-para-bebes\/"},"modified":"2026-03-08T01:35:36","modified_gmt":"2026-03-08T00:35:36","slug":"pijama-para-bebes","status":"publish","type":"product","link":"https:\/\/grupotextil.es\/en\/product\/pijama-para-bebes\/","title":{"rendered":"Pijama para beb\u00e9s"},"content":{"rendered":"<ul>\n<li>150 g\/m\u00b2<\/li>\n<li>100% Algod\u00f3n (Org\u00e1nico u Org\u00e1nico en Conversi\u00f3n)<\/li>\n<li>Tejido Jersey<\/li>\n<li>Dos botones en el cuello para todas las tallas excepto 2-3 a\u00f1os<\/li>\n<li>Pu\u00f1os en canal\u00e9 extralargos en mangas y piernas para doble uso (a medida que crece el beb\u00e9)<\/li>\n<li>Dobladillo de una sola aguja<\/li>\n<li>Etiqueta extra\u00edble<\/li>\n<li>Etiqueta lateral con c\u00f3digo QR con info cadena de suministro e impacto positivo de comprar productos org\u00e1nicos<\/li>\n<\/ul>","protected":false},"excerpt":{"rendered":"<p>150 g\/m\u00b2100% Algod\u00f3n (Org\u00e1nico u Org\u00e1nico en Conversi\u00f3n)Tejido JerseyDos botones en el cuello para todas las tallas excepto 2-3 a\u00f1osPu\u00f1os en canal\u00e9 extralargos en mangas y piernas para doble uso (a me<\/p>","protected":false},"featured_media":407632,"comment_status":"open","ping_status":"closed","template":"","meta":{"_acf_changed":false},"product_brand":[11662],"product_cat":[13948,10160,13954,13939,13976,13973,14002],"product_tag":[],"class_list":{"0":"post-351721","1":"product","2":"type-product","3":"status-publish","4":"has-post-thumbnail","6":"product_brand-babybugz","7":"product_cat-accesorios","8":"product_cat-ropa-bebe","9":"product_cat-acc-bolsas-y-mochilas","10":"product_cat-deportivo","11":"product_cat-ropa-nino","12":"product_cat-ropa","13":"product_cat-b-sudaderas","14":"tm-no-options","16":"first","17":"instock","18":"taxable","19":"shipping-taxable","20":"product-type-variable"},"acf":[],"_links":{"self":[{"href":"https:\/\/grupotextil.es\/en\/wp-json\/wp\/v2\/product\/351721","targetHints":{"allow":["GET"]}}],"collection":[{"href":"https:\/\/grupotextil.es\/en\/wp-json\/wp\/v2\/product"}],"about":[{"href":"https:\/\/grupotextil.es\/en\/wp-json\/wp\/v2\/types\/product"}],"replies":[{"embeddable":true,"href":"https:\/\/grupotextil.es\/en\/wp-json\/wp\/v2\/comments?post=351721"}],"wp:featuredmedia":[{"embeddable":true,"href":"https:\/\/grupotextil.es\/en\/wp-json\/wp\/v2\/media\/407632"}],"wp:attachment":[{"href":"https:\/\/grupotextil.es\/en\/wp-json\/wp\/v2\/media?parent=351721"}],"wp:term":[{"taxonomy":"product_brand","embeddable":true,"href":"https:\/\/grupotextil.es\/en\/wp-json\/wp\/v2\/product_brand?post=351721"},{"taxonomy":"product_cat","embeddable":true,"href":"https:\/\/grupotextil.es\/en\/wp-json\/wp\/v2\/product_cat?post=351721"},{"taxonomy":"product_tag","embeddable":true,"href":"https:\/\/grupotextil.es\/en\/wp-json\/wp\/v2\/product_tag?post=351721"}],"curies":[{"name":"wp","href":"https:\/\/api.w.org\/{rel}","templated":true}]}}