{"id":351731,"date":"2026-03-08T01:35:38","date_gmt":"2026-03-08T00:35:38","guid":{"rendered":"https:\/\/grupotextil.es\/producto\/camiseta-cooldry-tee-mujer\/"},"modified":"2026-03-08T01:35:38","modified_gmt":"2026-03-08T00:35:38","slug":"camiseta-cooldry-tee-mujer","status":"publish","type":"product","link":"https:\/\/grupotextil.es\/en\/product\/camiseta-cooldry-tee-mujer\/","title":{"rendered":"Camiseta COOLdry Tee mujer"},"content":{"rendered":"<ul>\n<li>160 g\/m\u00b2<\/li>\n<li>95% poli\u00e9ster (COOLdry), 5% elastano<\/li>\n<li>Tejido ligero y tacto suave<\/li>\n<li>Transpirable<\/li>\n<li>Tejido de secado r\u00e1pido y anti sudoraci\u00f3n<\/li>\n<li>Puntada plana<\/li>\n<li>Reflectantes<\/li>\n<li>Corte deportivo<\/li>\n<\/ul>","protected":false},"excerpt":{"rendered":"<p>160 g\/m\u00b295% poli\u00e9ster (COOLdry), 5% elastanoTejido ligero y tacto suaveTranspirableTejido de secado r\u00e1pido y anti sudoraci\u00f3nPuntada planaReflectantesCorte deportivo<\/p>","protected":false},"featured_media":407643,"comment_status":"open","ping_status":"closed","template":"","meta":{"_acf_changed":false},"product_brand":[11671],"product_cat":[13948,10160,13954,13939,13976,13973,14002],"product_tag":[14010],"class_list":{"0":"post-351731","1":"product","2":"type-product","3":"status-publish","4":"has-post-thumbnail","6":"product_brand-tee-jays","7":"product_cat-accesorios","8":"product_cat-ropa-bebe","9":"product_cat-acc-bolsas-y-mochilas","10":"product_cat-deportivo","11":"product_cat-ropa-nino","12":"product_cat-ropa","13":"product_cat-b-sudaderas","14":"product_tag-nuevo-2026","15":"tm-no-options","17":"first","18":"instock","19":"taxable","20":"shipping-taxable","21":"product-type-variable"},"acf":[],"_links":{"self":[{"href":"https:\/\/grupotextil.es\/en\/wp-json\/wp\/v2\/product\/351731","targetHints":{"allow":["GET"]}}],"collection":[{"href":"https:\/\/grupotextil.es\/en\/wp-json\/wp\/v2\/product"}],"about":[{"href":"https:\/\/grupotextil.es\/en\/wp-json\/wp\/v2\/types\/product"}],"replies":[{"embeddable":true,"href":"https:\/\/grupotextil.es\/en\/wp-json\/wp\/v2\/comments?post=351731"}],"wp:featuredmedia":[{"embeddable":true,"href":"https:\/\/grupotextil.es\/en\/wp-json\/wp\/v2\/media\/407643"}],"wp:attachment":[{"href":"https:\/\/grupotextil.es\/en\/wp-json\/wp\/v2\/media?parent=351731"}],"wp:term":[{"taxonomy":"product_brand","embeddable":true,"href":"https:\/\/grupotextil.es\/en\/wp-json\/wp\/v2\/product_brand?post=351731"},{"taxonomy":"product_cat","embeddable":true,"href":"https:\/\/grupotextil.es\/en\/wp-json\/wp\/v2\/product_cat?post=351731"},{"taxonomy":"product_tag","embeddable":true,"href":"https:\/\/grupotextil.es\/en\/wp-json\/wp\/v2\/product_tag?post=351731"}],"curies":[{"name":"wp","href":"https:\/\/api.w.org\/{rel}","templated":true}]}}