{"id":351801,"date":"2026-03-08T01:35:43","date_gmt":"2026-03-08T00:35:43","guid":{"rendered":"https:\/\/grupotextil.es\/producto\/gorra-trucker-urbanwear\/"},"modified":"2026-03-08T01:35:43","modified_gmt":"2026-03-08T00:35:43","slug":"gorra-trucker-urbanwear","status":"publish","type":"product","link":"https:\/\/grupotextil.es\/en\/product\/gorra-trucker-urbanwear\/","title":{"rendered":"Cap Trucker urbanwear"},"content":{"rendered":"<ul>\n<li>Panel frontal y bot\u00f3n: 85% poli\u00e9ster, 15% algod\u00f3n<\/li>\n<li>Paneles traseros de malla: 100% poli\u00e9ster<\/li>\n<li>Dise\u00f1o de 6 paneles<\/li>\n<li>Paneles frontales estructurados<\/li>\n<li>Ojales de ventilaci\u00f3n cosidos<\/li>\n<li>Bot\u00f3n semicurvado<\/li>\n<li>Ajuste seg\u00fan medida tipo Snapback<\/li>\n<li>Etiqueta extra\u00edble (TearAway)<\/li>\n<\/ul>","protected":false},"excerpt":{"rendered":"<p>Panel frontal y bot\u00f3n: 85% poli\u00e9ster, 15% algod\u00f3nPaneles traseros de malla: 100% poli\u00e9sterDise\u00f1o de 6 panelesPaneles frontales estructuradosOjales de ventilaci\u00f3n cosidosBot\u00f3n semicurvadoAjuste seg\u00fan m<\/p>","protected":false},"featured_media":407683,"comment_status":"open","ping_status":"closed","template":"","meta":{"_acf_changed":false},"product_brand":[11655],"product_cat":[13948,10160,13954,13939,13976,13973,14002],"product_tag":[],"class_list":{"0":"post-351801","1":"product","2":"type-product","3":"status-publish","4":"has-post-thumbnail","6":"product_brand-beechfield","7":"product_cat-accesorios","8":"product_cat-ropa-bebe","9":"product_cat-acc-bolsas-y-mochilas","10":"product_cat-deportivo","11":"product_cat-ropa-nino","12":"product_cat-ropa","13":"product_cat-b-sudaderas","14":"tm-no-options","16":"first","17":"instock","18":"taxable","19":"shipping-taxable","20":"product-type-variable"},"acf":[],"_links":{"self":[{"href":"https:\/\/grupotextil.es\/en\/wp-json\/wp\/v2\/product\/351801","targetHints":{"allow":["GET"]}}],"collection":[{"href":"https:\/\/grupotextil.es\/en\/wp-json\/wp\/v2\/product"}],"about":[{"href":"https:\/\/grupotextil.es\/en\/wp-json\/wp\/v2\/types\/product"}],"replies":[{"embeddable":true,"href":"https:\/\/grupotextil.es\/en\/wp-json\/wp\/v2\/comments?post=351801"}],"wp:featuredmedia":[{"embeddable":true,"href":"https:\/\/grupotextil.es\/en\/wp-json\/wp\/v2\/media\/407683"}],"wp:attachment":[{"href":"https:\/\/grupotextil.es\/en\/wp-json\/wp\/v2\/media?parent=351801"}],"wp:term":[{"taxonomy":"product_brand","embeddable":true,"href":"https:\/\/grupotextil.es\/en\/wp-json\/wp\/v2\/product_brand?post=351801"},{"taxonomy":"product_cat","embeddable":true,"href":"https:\/\/grupotextil.es\/en\/wp-json\/wp\/v2\/product_cat?post=351801"},{"taxonomy":"product_tag","embeddable":true,"href":"https:\/\/grupotextil.es\/en\/wp-json\/wp\/v2\/product_tag?post=351801"}],"curies":[{"name":"wp","href":"https:\/\/api.w.org\/{rel}","templated":true}]}}