{"id":351811,"date":"2026-03-08T01:35:43","date_gmt":"2026-03-08T00:35:43","guid":{"rendered":"https:\/\/grupotextil.es\/producto\/neceser-heritage-de-lona-encerada\/"},"modified":"2026-03-08T01:35:43","modified_gmt":"2026-03-08T00:35:43","slug":"neceser-heritage-de-lona-encerada","status":"publish","type":"product","link":"https:\/\/grupotextil.es\/en\/product\/neceser-heritage-de-lona-encerada\/","title":{"rendered":"Toiletry Bag Heritage Canvas encerada"},"content":{"rendered":"<ul>\n<li>100% algod\u00f3n (lona encerada)<\/li>\n<li>Asa de algod\u00f3n<\/li>\n<li>Compartimiento principal extra largo con cremallera<\/li>\n<li>Acabados en lat\u00f3n antiguo y detalles en cuero genuino.<\/li>\n<li>Bolsillo interno con cremallera<\/li>\n<li>Bolsillos de organizaci\u00f3n interna<\/li>\n<li>Etiqueta extra\u00edble (TearAway) para facilitar el rebranding<\/li>\n<li>Capacidad: 4 litros.<\/li>\n<li>Medidas: 12 x 25 x 11 cm.<\/li>\n<li>Max. bordado: 9 aro tubular<\/li>\n<li>Max. \u00c1rea de impresi\u00f3n: 18 x 10 cm.<\/li>\n<li>Debido a c\u00f3mo es el tejido, es normal que aparezcan marcas y cambios de color con el tiempo, lo que le confiere un car\u00e1cter \u00fanico<\/li>\n<li>CUIDADO: Para garantizar la durabilidad del revestimiento resistente al agua, use agua fr\u00eda y un pa\u00f1o limpio para limpiar suavemente la superficie. No utilice detergente<\/li>\n<\/ul>","protected":false},"excerpt":{"rendered":"<p>100% algod\u00f3n (lona encerada)Asa de algod\u00f3nCompartimiento principal extra largo con cremalleraAcabados en lat\u00f3n antiguo y detalles en cuero genuino.Bolsillo interno con cremalleraBolsillos de organi&#8230;<\/p>","protected":false},"featured_media":407723,"comment_status":"open","ping_status":"closed","template":"","meta":{"_acf_changed":false},"product_brand":[11657],"product_cat":[13948,10160,13954,13939,13976,13973,14002],"product_tag":[],"class_list":{"0":"post-351811","1":"product","2":"type-product","3":"status-publish","4":"has-post-thumbnail","6":"product_brand-quadra","7":"product_cat-accesorios","8":"product_cat-ropa-bebe","9":"product_cat-acc-bolsas-y-mochilas","10":"product_cat-deportivo","11":"product_cat-ropa-nino","12":"product_cat-ropa","13":"product_cat-b-sudaderas","14":"tm-no-options","16":"first","17":"instock","18":"taxable","19":"shipping-taxable","20":"product-type-variable"},"acf":[],"_links":{"self":[{"href":"https:\/\/grupotextil.es\/en\/wp-json\/wp\/v2\/product\/351811","targetHints":{"allow":["GET"]}}],"collection":[{"href":"https:\/\/grupotextil.es\/en\/wp-json\/wp\/v2\/product"}],"about":[{"href":"https:\/\/grupotextil.es\/en\/wp-json\/wp\/v2\/types\/product"}],"replies":[{"embeddable":true,"href":"https:\/\/grupotextil.es\/en\/wp-json\/wp\/v2\/comments?post=351811"}],"wp:featuredmedia":[{"embeddable":true,"href":"https:\/\/grupotextil.es\/en\/wp-json\/wp\/v2\/media\/407723"}],"wp:attachment":[{"href":"https:\/\/grupotextil.es\/en\/wp-json\/wp\/v2\/media?parent=351811"}],"wp:term":[{"taxonomy":"product_brand","embeddable":true,"href":"https:\/\/grupotextil.es\/en\/wp-json\/wp\/v2\/product_brand?post=351811"},{"taxonomy":"product_cat","embeddable":true,"href":"https:\/\/grupotextil.es\/en\/wp-json\/wp\/v2\/product_cat?post=351811"},{"taxonomy":"product_tag","embeddable":true,"href":"https:\/\/grupotextil.es\/en\/wp-json\/wp\/v2\/product_tag?post=351811"}],"curies":[{"name":"wp","href":"https:\/\/api.w.org\/{rel}","templated":true}]}}