{"id":351875,"date":"2026-03-08T01:35:47","date_gmt":"2026-03-08T00:35:47","guid":{"rendered":"https:\/\/grupotextil.es\/producto\/calcetin-de-compresion-gemelo\/"},"modified":"2026-03-08T01:35:47","modified_gmt":"2026-03-08T00:35:47","slug":"calcetin-de-compresion-gemelo","status":"publish","type":"product","link":"https:\/\/grupotextil.es\/en\/product\/calcetin-de-compresion-gemelo\/","title":{"rendered":"Calcet\u00edn de compresi\u00f3n gemelo"},"content":{"rendered":"<ul>\n<li>70% nylon, 30% elastano<\/li>\n<li>Secado r\u00e1pido y transpirable<\/li>\n<li>L\u00edgero, para la m\u00e1xima transpiraci\u00f3n del calor<\/li>\n<li>Compresi\u00f3n 15-20 mmHg<\/li>\n<li>Mejora la circulaci\u00f3n y reduce la acumulaci\u00f3n de \u00e1cido l\u00e1ctico y la fatiga muscular durante el ejercicio<\/li>\n<li>Allta densidad y flexibilidad para prevenir calambres musculares y lesiones musculares<\/li>\n<li>Dise\u00f1o ergon\u00f3mico, sin costuras, de punto 360\u02da<\/li>\n<li>Muy c\u00f3modo<\/li>\n<li>F\u00e1cil de poner y quitar.<\/li>\n<li>Pack de dos<\/li>\n<li>DESCATALOGADO: Este modelo se retira de la colecci\u00f3n de Falk&amp;Ross (todav\u00eda aparece en el porfolio de la marca).<\/li>\n<\/ul>","protected":false},"excerpt":{"rendered":"<p>70% nylon, 30% elastanoSecado r\u00e1pido y transpirableL\u00edgero, para la m\u00e1xima transpiraci\u00f3n del calorCompresi\u00f3n 15-20 mmHgMejora la circulaci\u00f3n y reduce la acumulaci\u00f3n de \u00e1cido l\u00e1ctico y la fatiga musc&#8230;<\/p>","protected":false},"featured_media":407820,"comment_status":"open","ping_status":"closed","template":"","meta":{"_acf_changed":false},"product_brand":[11669],"product_cat":[13948,13954,13939,13974,13930,13975,13973],"product_tag":[],"class_list":{"0":"post-351875","1":"product","2":"type-product","3":"status-publish","4":"has-post-thumbnail","6":"product_brand-result","7":"product_cat-accesorios","8":"product_cat-acc-bolsas-y-mochilas","9":"product_cat-deportivo","10":"product_cat-ropa-hombre","11":"product_cat-laboral","12":"product_cat-ropa-mujer","13":"product_cat-ropa","14":"tm-no-options","16":"first","17":"instock","18":"taxable","19":"shipping-taxable","20":"product-type-variable"},"acf":[],"_links":{"self":[{"href":"https:\/\/grupotextil.es\/en\/wp-json\/wp\/v2\/product\/351875","targetHints":{"allow":["GET"]}}],"collection":[{"href":"https:\/\/grupotextil.es\/en\/wp-json\/wp\/v2\/product"}],"about":[{"href":"https:\/\/grupotextil.es\/en\/wp-json\/wp\/v2\/types\/product"}],"replies":[{"embeddable":true,"href":"https:\/\/grupotextil.es\/en\/wp-json\/wp\/v2\/comments?post=351875"}],"wp:featuredmedia":[{"embeddable":true,"href":"https:\/\/grupotextil.es\/en\/wp-json\/wp\/v2\/media\/407820"}],"wp:attachment":[{"href":"https:\/\/grupotextil.es\/en\/wp-json\/wp\/v2\/media?parent=351875"}],"wp:term":[{"taxonomy":"product_brand","embeddable":true,"href":"https:\/\/grupotextil.es\/en\/wp-json\/wp\/v2\/product_brand?post=351875"},{"taxonomy":"product_cat","embeddable":true,"href":"https:\/\/grupotextil.es\/en\/wp-json\/wp\/v2\/product_cat?post=351875"},{"taxonomy":"product_tag","embeddable":true,"href":"https:\/\/grupotextil.es\/en\/wp-json\/wp\/v2\/product_tag?post=351875"}],"curies":[{"name":"wp","href":"https:\/\/api.w.org\/{rel}","templated":true}]}}