{"id":351944,"date":"2026-03-08T01:35:54","date_gmt":"2026-03-08T00:35:54","guid":{"rendered":"https:\/\/grupotextil.es\/producto\/mochila-vessel-para-portatil\/"},"modified":"2026-03-08T01:35:54","modified_gmt":"2026-03-08T00:35:54","slug":"mochila-vessel-para-portatil","status":"publish","type":"product","link":"https:\/\/grupotextil.es\/en\/product\/mochila-vessel-para-portatil\/","title":{"rendered":"Mochila Vessel\u2122 para port\u00e1til"},"content":{"rendered":"<ul>\n<li>100% poli\u00e9ster (600D Micro Ripstop)<\/li>\n<li>Asa y correas de hombro ajustables y acolchadas<\/li>\n<li>Panel trasero acolchado ergon\u00f3mico<\/li>\n<li>Bolsillo para port\u00e1til forrado de felpa, compatible hasta 15.6<\/li>\n<li>Compartimento principal con cremallera, bolsillos frontales y laterales.<\/li>\n<li>Tiradores de bloqueo de la cremallera<\/li>\n<li>Organizador de cable el\u00e1stico, gancho para las llaves, interior con secci\u00f3n organizadora<\/li>\n<li>Bolsillo interior con cremallera para obejtos de valor<\/li>\n<li>Etiqueta extra\u00edble (TearAway) para facilitar el rebranding<\/li>\n<li>Capacidad: 16 litros<\/li>\n<li>Medidas: 46 x 30 x 18 cm.<\/li>\n<li>Max. bordado: 15 aro tubular<\/li>\n<li>Max. \u00c1rea de impresi\u00f3n: 15 x 28 cm.<\/li>\n<\/ul>","protected":false},"excerpt":{"rendered":"<p>100% poli\u00e9ster (600D Micro Ripstop)Asa y correas de hombro ajustables y acolchadasPanel trasero acolchado ergon\u00f3micoBolsillo para port\u00e1til forrado de felpa, compatible hasta 15.6Compartimento princ&#8230;<\/p>","protected":false},"featured_media":407919,"comment_status":"open","ping_status":"closed","template":"","meta":{"_acf_changed":false},"product_brand":[11657],"product_cat":[13948,13954,13939,13974,13930,13975,13973],"product_tag":[],"class_list":{"0":"post-351944","1":"product","2":"type-product","3":"status-publish","4":"has-post-thumbnail","6":"product_brand-quadra","7":"product_cat-accesorios","8":"product_cat-acc-bolsas-y-mochilas","9":"product_cat-deportivo","10":"product_cat-ropa-hombre","11":"product_cat-laboral","12":"product_cat-ropa-mujer","13":"product_cat-ropa","14":"tm-no-options","16":"first","17":"instock","18":"taxable","19":"shipping-taxable","20":"product-type-variable"},"acf":[],"_links":{"self":[{"href":"https:\/\/grupotextil.es\/en\/wp-json\/wp\/v2\/product\/351944","targetHints":{"allow":["GET"]}}],"collection":[{"href":"https:\/\/grupotextil.es\/en\/wp-json\/wp\/v2\/product"}],"about":[{"href":"https:\/\/grupotextil.es\/en\/wp-json\/wp\/v2\/types\/product"}],"replies":[{"embeddable":true,"href":"https:\/\/grupotextil.es\/en\/wp-json\/wp\/v2\/comments?post=351944"}],"wp:featuredmedia":[{"embeddable":true,"href":"https:\/\/grupotextil.es\/en\/wp-json\/wp\/v2\/media\/407919"}],"wp:attachment":[{"href":"https:\/\/grupotextil.es\/en\/wp-json\/wp\/v2\/media?parent=351944"}],"wp:term":[{"taxonomy":"product_brand","embeddable":true,"href":"https:\/\/grupotextil.es\/en\/wp-json\/wp\/v2\/product_brand?post=351944"},{"taxonomy":"product_cat","embeddable":true,"href":"https:\/\/grupotextil.es\/en\/wp-json\/wp\/v2\/product_cat?post=351944"},{"taxonomy":"product_tag","embeddable":true,"href":"https:\/\/grupotextil.es\/en\/wp-json\/wp\/v2\/product_tag?post=351944"}],"curies":[{"name":"wp","href":"https:\/\/api.w.org\/{rel}","templated":true}]}}