{"id":352038,"date":"2026-03-08T01:36:05","date_gmt":"2026-03-08T00:36:05","guid":{"rendered":"https:\/\/grupotextil.es\/producto\/gorra-5-paneles-boston\/"},"modified":"2026-03-08T01:36:05","modified_gmt":"2026-03-08T00:36:05","slug":"gorra-5-paneles-boston","status":"publish","type":"product","link":"https:\/\/grupotextil.es\/en\/product\/gorra-5-paneles-boston\/","title":{"rendered":"Cap 5 Panel Boston"},"content":{"rendered":"<ul>\n<li>260 g\/m\u00b2<\/li>\n<li>65% poli\u00e9ster, 35% algod\u00f3n<\/li>\n<li>5 paneles<\/li>\n<li>Panel frontal sin costuras<\/li>\n<li>Panel frontal r\u00edgido<\/li>\n<li>Visera curvada con 6 filas de pespuntes<\/li>\n<li>Visera PU reciclado<\/li>\n<li>Ojales de punto<\/li>\n<li>Cierre trasero ajustable<\/li>\n<li>Etiqueta extra\u00edble<\/li>\n<li>Apropiada para bordar y impresi\u00f3n por transfer<\/li>\n<\/ul>","protected":false},"excerpt":{"rendered":"<p>260 g\/m\u00b265% poli\u00e9ster, 35% algod\u00f3n5 panelesPanel frontal sin costurasPanel frontal r\u00edgidoVisera curvada con 6 filas de pespuntesVisera PU recicladoOjales de puntoCierre trasero ajustableEtiqueta extra<\/p>","protected":false},"featured_media":407951,"comment_status":"open","ping_status":"closed","template":"","meta":{"_acf_changed":false},"product_brand":[11659],"product_cat":[13948,13954,13939,13974,13930,13975,13973],"product_tag":[],"class_list":{"0":"post-352038","1":"product","2":"type-product","3":"status-publish","4":"has-post-thumbnail","6":"product_brand-result-caps","7":"product_cat-accesorios","8":"product_cat-acc-bolsas-y-mochilas","9":"product_cat-deportivo","10":"product_cat-ropa-hombre","11":"product_cat-laboral","12":"product_cat-ropa-mujer","13":"product_cat-ropa","14":"tm-no-options","16":"first","17":"instock","18":"taxable","19":"shipping-taxable","20":"product-type-variable"},"acf":[],"_links":{"self":[{"href":"https:\/\/grupotextil.es\/en\/wp-json\/wp\/v2\/product\/352038","targetHints":{"allow":["GET"]}}],"collection":[{"href":"https:\/\/grupotextil.es\/en\/wp-json\/wp\/v2\/product"}],"about":[{"href":"https:\/\/grupotextil.es\/en\/wp-json\/wp\/v2\/types\/product"}],"replies":[{"embeddable":true,"href":"https:\/\/grupotextil.es\/en\/wp-json\/wp\/v2\/comments?post=352038"}],"wp:featuredmedia":[{"embeddable":true,"href":"https:\/\/grupotextil.es\/en\/wp-json\/wp\/v2\/media\/407951"}],"wp:attachment":[{"href":"https:\/\/grupotextil.es\/en\/wp-json\/wp\/v2\/media?parent=352038"}],"wp:term":[{"taxonomy":"product_brand","embeddable":true,"href":"https:\/\/grupotextil.es\/en\/wp-json\/wp\/v2\/product_brand?post=352038"},{"taxonomy":"product_cat","embeddable":true,"href":"https:\/\/grupotextil.es\/en\/wp-json\/wp\/v2\/product_cat?post=352038"},{"taxonomy":"product_tag","embeddable":true,"href":"https:\/\/grupotextil.es\/en\/wp-json\/wp\/v2\/product_tag?post=352038"}],"curies":[{"name":"wp","href":"https:\/\/api.w.org\/{rel}","templated":true}]}}