{"id":352310,"date":"2026-03-08T01:36:26","date_gmt":"2026-03-08T00:36:26","guid":{"rendered":"https:\/\/grupotextil.es\/producto\/bandolera-camareros-de-gran-capacidad\/"},"modified":"2026-03-08T01:36:26","modified_gmt":"2026-03-08T00:36:26","slug":"bandolera-camareros-de-gran-capacidad","status":"publish","type":"product","link":"https:\/\/grupotextil.es\/en\/product\/bandolera-camareros-de-gran-capacidad\/","title":{"rendered":"Bandolera camareros de gran capacidad"},"content":{"rendered":"<ul>\n<li>100% poli\u00e9ster<\/li>\n<li>Organizador perfecto para un servicio profesional y elegante<\/li>\n<li>Bolsillo para libretas<\/li>\n<li>Bolsillo para bol\u00edgrafos<\/li>\n<li>Lazo para sujetar bol\u00edgrafos o llaveros<\/li>\n<li>Arn\u00e9s de cintur\u00f3n ajustable integrado para un atado f\u00e1cil y r\u00e1pido<\/li>\n<li>Medidas: 27 x 34 cm<\/li>\n<\/ul>","protected":false},"excerpt":{"rendered":"<p>100% poli\u00e9sterOrganizador perfecto para un servicio profesional y eleganteBolsillo para libretasBolsillo para bol\u00edgrafosLazo para sujetar bol\u00edgrafos o llaverosArn\u00e9s de cintur\u00f3n ajustable integrado par<\/p>","protected":false},"featured_media":408129,"comment_status":"open","ping_status":"closed","template":"","meta":{"_acf_changed":false},"product_brand":[11673],"product_cat":[13954,13939,13950,13932,13930,13975,13973],"product_tag":[],"class_list":{"0":"post-352310","1":"product","2":"type-product","3":"status-publish","4":"has-post-thumbnail","6":"product_brand-karlowsky","7":"product_cat-acc-bolsas-y-mochilas","8":"product_cat-deportivo","9":"product_cat-gorros-y-beanies","10":"product_cat-hosteleria-horeca","11":"product_cat-laboral","12":"product_cat-ropa-mujer","13":"product_cat-ropa","14":"tm-no-options","16":"first","17":"instock","18":"taxable","19":"shipping-taxable","20":"product-type-variable"},"acf":[],"_links":{"self":[{"href":"https:\/\/grupotextil.es\/en\/wp-json\/wp\/v2\/product\/352310","targetHints":{"allow":["GET"]}}],"collection":[{"href":"https:\/\/grupotextil.es\/en\/wp-json\/wp\/v2\/product"}],"about":[{"href":"https:\/\/grupotextil.es\/en\/wp-json\/wp\/v2\/types\/product"}],"replies":[{"embeddable":true,"href":"https:\/\/grupotextil.es\/en\/wp-json\/wp\/v2\/comments?post=352310"}],"wp:featuredmedia":[{"embeddable":true,"href":"https:\/\/grupotextil.es\/en\/wp-json\/wp\/v2\/media\/408129"}],"wp:attachment":[{"href":"https:\/\/grupotextil.es\/en\/wp-json\/wp\/v2\/media?parent=352310"}],"wp:term":[{"taxonomy":"product_brand","embeddable":true,"href":"https:\/\/grupotextil.es\/en\/wp-json\/wp\/v2\/product_brand?post=352310"},{"taxonomy":"product_cat","embeddable":true,"href":"https:\/\/grupotextil.es\/en\/wp-json\/wp\/v2\/product_cat?post=352310"},{"taxonomy":"product_tag","embeddable":true,"href":"https:\/\/grupotextil.es\/en\/wp-json\/wp\/v2\/product_tag?post=352310"}],"curies":[{"name":"wp","href":"https:\/\/api.w.org\/{rel}","templated":true}]}}