{"id":352347,"date":"2026-03-08T01:36:28","date_gmt":"2026-03-08T00:36:28","guid":{"rendered":"https:\/\/grupotextil.es\/producto\/pack-tirador-de-cremallera-slx\/"},"modified":"2026-03-08T01:36:28","modified_gmt":"2026-03-08T00:36:28","slug":"pack-tirador-de-cremallera-slx","status":"publish","type":"product","link":"https:\/\/grupotextil.es\/en\/product\/pack-tirador-de-cremallera-slx\/","title":{"rendered":"Pack Tirador de cremallera SLX"},"content":{"rendered":"<ul>\n<li>100% poli\u00e9ster<\/li>\n<li>Dise\u00f1o resistente y duradero<\/li>\n<li>F\u00e1cil de colocar<\/li>\n<li>Tejido antideslizante<\/li>\n<li>1 unidad = 1 paquete con 10 tiradores de cremallera.<\/li>\n<\/ul>","protected":false},"excerpt":{"rendered":"<p>100% poli\u00e9sterDise\u00f1o resistente y duraderoF\u00e1cil de colocarTejido antideslizante1 unidad = 1 paquete con 10 tiradores de cremallera.<\/p>","protected":false},"featured_media":408157,"comment_status":"open","ping_status":"closed","template":"","meta":{"_acf_changed":false},"product_brand":[11657],"product_cat":[13954,13939,13950,13932,13930,13975,13973],"product_tag":[],"class_list":{"0":"post-352347","1":"product","2":"type-product","3":"status-publish","4":"has-post-thumbnail","6":"product_brand-quadra","7":"product_cat-acc-bolsas-y-mochilas","8":"product_cat-deportivo","9":"product_cat-gorros-y-beanies","10":"product_cat-hosteleria-horeca","11":"product_cat-laboral","12":"product_cat-ropa-mujer","13":"product_cat-ropa","14":"tm-no-options","16":"first","17":"instock","18":"taxable","19":"shipping-taxable","20":"product-type-variable"},"acf":[],"_links":{"self":[{"href":"https:\/\/grupotextil.es\/en\/wp-json\/wp\/v2\/product\/352347","targetHints":{"allow":["GET"]}}],"collection":[{"href":"https:\/\/grupotextil.es\/en\/wp-json\/wp\/v2\/product"}],"about":[{"href":"https:\/\/grupotextil.es\/en\/wp-json\/wp\/v2\/types\/product"}],"replies":[{"embeddable":true,"href":"https:\/\/grupotextil.es\/en\/wp-json\/wp\/v2\/comments?post=352347"}],"wp:featuredmedia":[{"embeddable":true,"href":"https:\/\/grupotextil.es\/en\/wp-json\/wp\/v2\/media\/408157"}],"wp:attachment":[{"href":"https:\/\/grupotextil.es\/en\/wp-json\/wp\/v2\/media?parent=352347"}],"wp:term":[{"taxonomy":"product_brand","embeddable":true,"href":"https:\/\/grupotextil.es\/en\/wp-json\/wp\/v2\/product_brand?post=352347"},{"taxonomy":"product_cat","embeddable":true,"href":"https:\/\/grupotextil.es\/en\/wp-json\/wp\/v2\/product_cat?post=352347"},{"taxonomy":"product_tag","embeddable":true,"href":"https:\/\/grupotextil.es\/en\/wp-json\/wp\/v2\/product_tag?post=352347"}],"curies":[{"name":"wp","href":"https:\/\/api.w.org\/{rel}","templated":true}]}}