{"id":352362,"date":"2026-03-08T01:36:29","date_gmt":"2026-03-08T00:36:29","guid":{"rendered":"https:\/\/grupotextil.es\/producto\/pantalon-softex-mujer\/"},"modified":"2026-03-08T01:36:29","modified_gmt":"2026-03-08T00:36:29","slug":"pantalon-softex-mujer","status":"publish","type":"product","link":"https:\/\/grupotextil.es\/en\/product\/pantalon-softex-mujer\/","title":{"rendered":"Pantal\u00f3n Softex\u00ae mujer"},"content":{"rendered":"<ul>\n<li>200 g\/m\u00b2<\/li>\n<li>88% poli\u00e9ster, 12% elastano (High Tec stretch)<\/li>\n<li>Tacto melocot\u00f3n<\/li>\n<li>Secado r\u00e1pido<\/li>\n<li>Ligero y transpirable<\/li>\n<li>Cintura el\u00e1stica<\/li>\n<li>Largo por debajo de la rodilla.<\/li>\n<\/ul>","protected":false},"excerpt":{"rendered":"<p>200 g\/m\u00b288% poli\u00e9ster, 12% elastano (High Tec stretch)Tacto melocot\u00f3nSecado r\u00e1pidoLigero y transpirableCintura el\u00e1sticaLargo por debajo de la rodilla.<\/p>","protected":false},"featured_media":408181,"comment_status":"open","ping_status":"closed","template":"","meta":{"_acf_changed":false},"product_brand":[11669],"product_cat":[13954,13939,13950,13932,13930,13975,13973],"product_tag":[],"class_list":{"0":"post-352362","1":"product","2":"type-product","3":"status-publish","4":"has-post-thumbnail","6":"product_brand-result","7":"product_cat-acc-bolsas-y-mochilas","8":"product_cat-deportivo","9":"product_cat-gorros-y-beanies","10":"product_cat-hosteleria-horeca","11":"product_cat-laboral","12":"product_cat-ropa-mujer","13":"product_cat-ropa","14":"tm-no-options","16":"first","17":"instock","18":"taxable","19":"shipping-taxable","20":"product-type-variable"},"acf":[],"_links":{"self":[{"href":"https:\/\/grupotextil.es\/en\/wp-json\/wp\/v2\/product\/352362","targetHints":{"allow":["GET"]}}],"collection":[{"href":"https:\/\/grupotextil.es\/en\/wp-json\/wp\/v2\/product"}],"about":[{"href":"https:\/\/grupotextil.es\/en\/wp-json\/wp\/v2\/types\/product"}],"replies":[{"embeddable":true,"href":"https:\/\/grupotextil.es\/en\/wp-json\/wp\/v2\/comments?post=352362"}],"wp:featuredmedia":[{"embeddable":true,"href":"https:\/\/grupotextil.es\/en\/wp-json\/wp\/v2\/media\/408181"}],"wp:attachment":[{"href":"https:\/\/grupotextil.es\/en\/wp-json\/wp\/v2\/media?parent=352362"}],"wp:term":[{"taxonomy":"product_brand","embeddable":true,"href":"https:\/\/grupotextil.es\/en\/wp-json\/wp\/v2\/product_brand?post=352362"},{"taxonomy":"product_cat","embeddable":true,"href":"https:\/\/grupotextil.es\/en\/wp-json\/wp\/v2\/product_cat?post=352362"},{"taxonomy":"product_tag","embeddable":true,"href":"https:\/\/grupotextil.es\/en\/wp-json\/wp\/v2\/product_tag?post=352362"}],"curies":[{"name":"wp","href":"https:\/\/api.w.org\/{rel}","templated":true}]}}