{"id":352370,"date":"2026-03-08T01:36:29","date_gmt":"2026-03-08T00:36:29","guid":{"rendered":"https:\/\/grupotextil.es\/producto\/delantal-con-peto-green-generation\/"},"modified":"2026-03-08T01:36:29","modified_gmt":"2026-03-08T00:36:29","slug":"delantal-con-peto-green-generation","status":"publish","type":"product","link":"https:\/\/grupotextil.es\/en\/product\/delantal-con-peto-green-generation\/","title":{"rendered":"Apron con peto Green-Generation"},"content":{"rendered":"<ul>\n<li>215 g\/m\u00b2<\/li>\n<li>65% poli\u00e9ster (reciclado), 35% algod\u00f3n (sarga)<\/li>\n<li>Tirantes en contraste de aspecto natural<\/li>\n<li>Correas sobre los hombros para aliviar la tensi\u00f3n en el \u00e1rea del cuello<\/li>\n<li>Cierre funcional: cruce las correas de contraste en la parte posterior, p\u00e1selas por las hebillas y luego \u00e1telas juntas (longitud flexible y altura ajustable)<\/li>\n<li>Bordes biselados modernos en los extremos del fald\u00f3n<\/li>\n<li>No desti\u00f1e, f\u00e1cil de cuidar, sostenible<\/li>\n<li>Medidas: 70 x 85 cm<\/li>\n<\/ul>","protected":false},"excerpt":{"rendered":"<p>215 g\/m\u00b265% poli\u00e9ster (reciclado), 35% algod\u00f3n (sarga)Tirantes en contraste de aspecto naturalCorreas sobre los hombros para aliviar la tensi\u00f3n en el \u00e1rea del cuelloCierre funcional: cruce las correas<\/p>","protected":false},"featured_media":408190,"comment_status":"open","ping_status":"closed","template":"","meta":{"_acf_changed":false},"product_brand":[11673],"product_cat":[13954,13939,13950,13932,13930,13975,13973],"product_tag":[],"class_list":{"0":"post-352370","1":"product","2":"type-product","3":"status-publish","4":"has-post-thumbnail","6":"product_brand-karlowsky","7":"product_cat-acc-bolsas-y-mochilas","8":"product_cat-deportivo","9":"product_cat-gorros-y-beanies","10":"product_cat-hosteleria-horeca","11":"product_cat-laboral","12":"product_cat-ropa-mujer","13":"product_cat-ropa","14":"tm-no-options","16":"first","17":"instock","18":"taxable","19":"shipping-taxable","20":"product-type-variable"},"acf":[],"_links":{"self":[{"href":"https:\/\/grupotextil.es\/en\/wp-json\/wp\/v2\/product\/352370","targetHints":{"allow":["GET"]}}],"collection":[{"href":"https:\/\/grupotextil.es\/en\/wp-json\/wp\/v2\/product"}],"about":[{"href":"https:\/\/grupotextil.es\/en\/wp-json\/wp\/v2\/types\/product"}],"replies":[{"embeddable":true,"href":"https:\/\/grupotextil.es\/en\/wp-json\/wp\/v2\/comments?post=352370"}],"wp:featuredmedia":[{"embeddable":true,"href":"https:\/\/grupotextil.es\/en\/wp-json\/wp\/v2\/media\/408190"}],"wp:attachment":[{"href":"https:\/\/grupotextil.es\/en\/wp-json\/wp\/v2\/media?parent=352370"}],"wp:term":[{"taxonomy":"product_brand","embeddable":true,"href":"https:\/\/grupotextil.es\/en\/wp-json\/wp\/v2\/product_brand?post=352370"},{"taxonomy":"product_cat","embeddable":true,"href":"https:\/\/grupotextil.es\/en\/wp-json\/wp\/v2\/product_cat?post=352370"},{"taxonomy":"product_tag","embeddable":true,"href":"https:\/\/grupotextil.es\/en\/wp-json\/wp\/v2\/product_tag?post=352370"}],"curies":[{"name":"wp","href":"https:\/\/api.w.org\/{rel}","templated":true}]}}