{"id":352423,"date":"2026-03-08T01:36:39","date_gmt":"2026-03-08T00:36:39","guid":{"rendered":"https:\/\/grupotextil.es\/producto\/delantal-de-salon-con-pechera-y-hebilla\/"},"modified":"2026-03-08T01:36:39","modified_gmt":"2026-03-08T00:36:39","slug":"delantal-de-salon-con-pechera-y-hebilla","status":"publish","type":"product","link":"https:\/\/grupotextil.es\/en\/product\/delantal-de-salon-con-pechera-y-hebilla\/","title":{"rendered":"Apron de sal\u00f3n con pechera y hebilla"},"content":{"rendered":"<ul>\n<li>95 g\/m\u00b2<\/li>\n<li>100% poli\u00e9ster<\/li>\n<li>Revestimiento de PU impermeable de color plateado (Silver-Coating)<\/li>\n<li>Protecci\u00f3n eficaz contra el agua, la suciedad y los tintes<\/li>\n<li>Correa de babero con hebilla para ajuste continuo de longitud hasta 78 cm<\/li>\n<li>Durabilidad gracias a las costuras aseguradas en las correas<\/li>\n<li>Propiedades del material antiest\u00e1tico para que pueda limpiarse f\u00e1cilmente<\/li>\n<li>Las manchas dif\u00edciles se pueden eliminar a m\u00e1quina a una temperatura de hasta 30 \u00b0C<\/li>\n<li>Planchar completamente despu\u00e9s de cada 5 lavados como m\u00e1ximo para que se mantenga la funci\u00f3n protectora hidr\u00f3fuga de la capa exterior del tejido (planchar a baja temperatura, m\u00e1ximo 110 \u00b0C, sin vapor)<\/li>\n<li>Perfectamente adecuado para serigraf\u00eda, l\u00e1minas y sublimaci\u00f3n<\/li>\n<li>Medidas: 72 x 86 cm<\/li>\n<\/ul>","protected":false},"excerpt":{"rendered":"<p>95 g\/m\u00b2100% poli\u00e9sterRevestimiento de PU impermeable de color plateado (Silver-Coating)Protecci\u00f3n eficaz contra el agua, la suciedad y los tintesCorrea de babero con hebilla para ajuste continuo de lo<\/p>","protected":false},"featured_media":408220,"comment_status":"open","ping_status":"closed","template":"","meta":{"_acf_changed":false},"product_brand":[11673],"product_cat":[13954,13939,13950,13932,13930,13975,13973],"product_tag":[],"class_list":{"0":"post-352423","1":"product","2":"type-product","3":"status-publish","4":"has-post-thumbnail","6":"product_brand-karlowsky","7":"product_cat-acc-bolsas-y-mochilas","8":"product_cat-deportivo","9":"product_cat-gorros-y-beanies","10":"product_cat-hosteleria-horeca","11":"product_cat-laboral","12":"product_cat-ropa-mujer","13":"product_cat-ropa","14":"tm-no-options","16":"first","17":"instock","18":"taxable","19":"shipping-taxable","20":"product-type-variable"},"acf":[],"_links":{"self":[{"href":"https:\/\/grupotextil.es\/en\/wp-json\/wp\/v2\/product\/352423","targetHints":{"allow":["GET"]}}],"collection":[{"href":"https:\/\/grupotextil.es\/en\/wp-json\/wp\/v2\/product"}],"about":[{"href":"https:\/\/grupotextil.es\/en\/wp-json\/wp\/v2\/types\/product"}],"replies":[{"embeddable":true,"href":"https:\/\/grupotextil.es\/en\/wp-json\/wp\/v2\/comments?post=352423"}],"wp:featuredmedia":[{"embeddable":true,"href":"https:\/\/grupotextil.es\/en\/wp-json\/wp\/v2\/media\/408220"}],"wp:attachment":[{"href":"https:\/\/grupotextil.es\/en\/wp-json\/wp\/v2\/media?parent=352423"}],"wp:term":[{"taxonomy":"product_brand","embeddable":true,"href":"https:\/\/grupotextil.es\/en\/wp-json\/wp\/v2\/product_brand?post=352423"},{"taxonomy":"product_cat","embeddable":true,"href":"https:\/\/grupotextil.es\/en\/wp-json\/wp\/v2\/product_cat?post=352423"},{"taxonomy":"product_tag","embeddable":true,"href":"https:\/\/grupotextil.es\/en\/wp-json\/wp\/v2\/product_tag?post=352423"}],"curies":[{"name":"wp","href":"https:\/\/api.w.org\/{rel}","templated":true}]}}