{"id":352425,"date":"2026-03-08T01:36:39","date_gmt":"2026-03-08T00:36:39","guid":{"rendered":"https:\/\/grupotextil.es\/producto\/gorro-snowstar-patch\/"},"modified":"2026-03-08T01:36:39","modified_gmt":"2026-03-08T00:36:39","slug":"gorro-snowstar-patch","status":"publish","type":"product","link":"https:\/\/grupotextil.es\/en\/product\/gorro-snowstar-patch\/","title":{"rendered":"Beanie Snowstar\u00ae Patch"},"content":{"rendered":"<ul>\n<li>100% poliacr\u00edlico (Tacto suave)<\/li>\n<li>Heather Grey: 55% poli\u00e9ster, 45% poliacr\u00edlico<\/li>\n<li>Tejido de doble punto<\/li>\n<li>Pomp\u00f3n de doble tono<\/li>\n<li>Dobladillo acanalado y el\u00e1stico<\/li>\n<li>A\u00f1adido de algod\u00f3n sarga para imprimir<\/li>\n<li>Etiqueta extraible para el rebranding<\/li>\n<li>Max. \u00c1rea de impresi\u00f3n: 10 x 5 cm<\/li>\n<\/ul>","protected":false},"excerpt":{"rendered":"<p>100% poliacr\u00edlico (Tacto suave)Heather Grey: 55% poli\u00e9ster, 45% poliacr\u00edlicoTejido de doble puntoPomp\u00f3n de doble tonoDobladillo acanalado y el\u00e1sticoA\u00f1adido de algod\u00f3n sarga para imprimirEtiqueta ex&#8230;<\/p>","protected":false},"featured_media":408223,"comment_status":"open","ping_status":"closed","template":"","meta":{"_acf_changed":false},"product_brand":[11655],"product_cat":[13954,13939,13950,13932,13930,13975,13973],"product_tag":[],"class_list":{"0":"post-352425","1":"product","2":"type-product","3":"status-publish","4":"has-post-thumbnail","6":"product_brand-beechfield","7":"product_cat-acc-bolsas-y-mochilas","8":"product_cat-deportivo","9":"product_cat-gorros-y-beanies","10":"product_cat-hosteleria-horeca","11":"product_cat-laboral","12":"product_cat-ropa-mujer","13":"product_cat-ropa","14":"tm-no-options","16":"first","17":"instock","18":"taxable","19":"shipping-taxable","20":"product-type-variable"},"acf":[],"_links":{"self":[{"href":"https:\/\/grupotextil.es\/en\/wp-json\/wp\/v2\/product\/352425","targetHints":{"allow":["GET"]}}],"collection":[{"href":"https:\/\/grupotextil.es\/en\/wp-json\/wp\/v2\/product"}],"about":[{"href":"https:\/\/grupotextil.es\/en\/wp-json\/wp\/v2\/types\/product"}],"replies":[{"embeddable":true,"href":"https:\/\/grupotextil.es\/en\/wp-json\/wp\/v2\/comments?post=352425"}],"wp:featuredmedia":[{"embeddable":true,"href":"https:\/\/grupotextil.es\/en\/wp-json\/wp\/v2\/media\/408223"}],"wp:attachment":[{"href":"https:\/\/grupotextil.es\/en\/wp-json\/wp\/v2\/media?parent=352425"}],"wp:term":[{"taxonomy":"product_brand","embeddable":true,"href":"https:\/\/grupotextil.es\/en\/wp-json\/wp\/v2\/product_brand?post=352425"},{"taxonomy":"product_cat","embeddable":true,"href":"https:\/\/grupotextil.es\/en\/wp-json\/wp\/v2\/product_cat?post=352425"},{"taxonomy":"product_tag","embeddable":true,"href":"https:\/\/grupotextil.es\/en\/wp-json\/wp\/v2\/product_tag?post=352425"}],"curies":[{"name":"wp","href":"https:\/\/api.w.org\/{rel}","templated":true}]}}