{"id":352434,"date":"2026-03-08T01:36:40","date_gmt":"2026-03-08T00:36:40","guid":{"rendered":"https:\/\/grupotextil.es\/producto\/capa-peluquero-de-salon-con-empunaduras\/"},"modified":"2026-03-08T01:36:40","modified_gmt":"2026-03-08T00:36:40","slug":"capa-peluquero-de-salon-con-empunaduras","status":"publish","type":"product","link":"https:\/\/grupotextil.es\/en\/product\/capa-peluquero-de-salon-con-empunaduras\/","title":{"rendered":"Capa peluquero de sal\u00f3n con empu\u00f1aduras"},"content":{"rendered":"<ul>\n<li>85 g\/m\u00b2<\/li>\n<li>100% poli\u00e9ster<\/li>\n<li>Repelente al agua con revestimiento de PU<\/li>\n<li>Propiedades del material antiest\u00e1tico<\/li>\n<li>Con percha<\/li>\n<li>Pr\u00e1ctico cierre ajustable y el\u00e1stico con clips met\u00e1licos en la abertura del cuello<\/li>\n<li>Empu\u00f1aduras f\u00e1ciles de usar<\/li>\n<li>Lavable hasta 60\u00b0C<\/li>\n<li>Planchar completamente despu\u00e9s de cada 5 ciclos de lavado como m\u00e1ximo para mantener la funci\u00f3n protectora hidr\u00f3fuga (planchar a baja temperatura, m\u00e1ximo 110 \u00b0C, sin vapor)<\/li>\n<li>Apto para serigraf\u00eda, l\u00e1minas y sublimaci\u00f3n<\/li>\n<li>Medidas: 130 x 150 cm<\/li>\n<\/ul>","protected":false},"excerpt":{"rendered":"<p>85 g\/m\u00b2100% poli\u00e9sterRepelente al agua con revestimiento de PUPropiedades del material antiest\u00e1ticoCon perchaPr\u00e1ctico cierre ajustable y el\u00e1stico con clips met\u00e1licos en la abertura del cuelloEmpu\u00f1adur<\/p>","protected":false},"featured_media":408238,"comment_status":"open","ping_status":"closed","template":"","meta":{"_acf_changed":false},"product_brand":[11673],"product_cat":[13954,13939,13950,13932,13930,13975,13973],"product_tag":[],"class_list":{"0":"post-352434","1":"product","2":"type-product","3":"status-publish","4":"has-post-thumbnail","6":"product_brand-karlowsky","7":"product_cat-acc-bolsas-y-mochilas","8":"product_cat-deportivo","9":"product_cat-gorros-y-beanies","10":"product_cat-hosteleria-horeca","11":"product_cat-laboral","12":"product_cat-ropa-mujer","13":"product_cat-ropa","14":"tm-no-options","16":"first","17":"instock","18":"taxable","19":"shipping-taxable","20":"product-type-variable"},"acf":[],"_links":{"self":[{"href":"https:\/\/grupotextil.es\/en\/wp-json\/wp\/v2\/product\/352434","targetHints":{"allow":["GET"]}}],"collection":[{"href":"https:\/\/grupotextil.es\/en\/wp-json\/wp\/v2\/product"}],"about":[{"href":"https:\/\/grupotextil.es\/en\/wp-json\/wp\/v2\/types\/product"}],"replies":[{"embeddable":true,"href":"https:\/\/grupotextil.es\/en\/wp-json\/wp\/v2\/comments?post=352434"}],"wp:featuredmedia":[{"embeddable":true,"href":"https:\/\/grupotextil.es\/en\/wp-json\/wp\/v2\/media\/408238"}],"wp:attachment":[{"href":"https:\/\/grupotextil.es\/en\/wp-json\/wp\/v2\/media?parent=352434"}],"wp:term":[{"taxonomy":"product_brand","embeddable":true,"href":"https:\/\/grupotextil.es\/en\/wp-json\/wp\/v2\/product_brand?post=352434"},{"taxonomy":"product_cat","embeddable":true,"href":"https:\/\/grupotextil.es\/en\/wp-json\/wp\/v2\/product_cat?post=352434"},{"taxonomy":"product_tag","embeddable":true,"href":"https:\/\/grupotextil.es\/en\/wp-json\/wp\/v2\/product_tag?post=352434"}],"curies":[{"name":"wp","href":"https:\/\/api.w.org\/{rel}","templated":true}]}}