{"id":352491,"date":"2026-03-08T01:36:42","date_gmt":"2026-03-08T00:36:42","guid":{"rendered":"https:\/\/grupotextil.es\/producto\/chaqueta-de-chef-mujer-manga-corta-modern-look\/"},"modified":"2026-03-08T01:36:42","modified_gmt":"2026-03-08T00:36:42","slug":"chaqueta-de-chef-mujer-manga-corta-modern-look","status":"publish","type":"product","link":"https:\/\/grupotextil.es\/en\/product\/chaqueta-de-chef-mujer-manga-corta-modern-look\/","title":{"rendered":"Chaqueta de chef mujer manga corta Modern-Look"},"content":{"rendered":"<ul>\n<li>150 g\/m\u00b2<\/li>\n<li>50% poli\u00e9ster, 50% algod\u00f3n (sarga)<\/li>\n<li>Correa en el cuello trasero para fijar un delantal con peto (evita el deslizamiento)<\/li>\n<li>Panel de botones a presi\u00f3n ocultos de tejido muy ligero<\/li>\n<li>Mangas cortas<\/li>\n<li>Bolsillo de manga de parche a la izquierda con compartimento para bol\u00edgrafo<\/li>\n<li>Perfectamente adecuado para un trabajo c\u00f3modo en ambientes c\u00e1lidos<\/li>\n<li>Altamente refinado, preencogido, no desti\u00f1e, f\u00e1cil de cuidar<\/li>\n<li>Apto para lavander\u00eda industrial<\/li>\n<li>Lavable hasta 95\u00b0C<\/li>\n<li>Ajustado<\/li>\n<\/ul>","protected":false},"excerpt":{"rendered":"<p>150 g\/m\u00b250% poli\u00e9ster, 50% algod\u00f3n (sarga)Correa en el cuello trasero para fijar un delantal con peto (evita el deslizamiento)Panel de botones a presi\u00f3n ocultos de tejido muy ligeroMangas cortasBolsil<\/p>","protected":false},"featured_media":408308,"comment_status":"open","ping_status":"closed","template":"","meta":{"_acf_changed":false},"product_brand":[11673],"product_cat":[13954,13939,13950,13932,13930,13975,13973],"product_tag":[],"class_list":{"0":"post-352491","1":"product","2":"type-product","3":"status-publish","4":"has-post-thumbnail","6":"product_brand-karlowsky","7":"product_cat-acc-bolsas-y-mochilas","8":"product_cat-deportivo","9":"product_cat-gorros-y-beanies","10":"product_cat-hosteleria-horeca","11":"product_cat-laboral","12":"product_cat-ropa-mujer","13":"product_cat-ropa","14":"tm-no-options","16":"first","17":"instock","18":"taxable","19":"shipping-taxable","20":"product-type-variable"},"acf":[],"_links":{"self":[{"href":"https:\/\/grupotextil.es\/en\/wp-json\/wp\/v2\/product\/352491","targetHints":{"allow":["GET"]}}],"collection":[{"href":"https:\/\/grupotextil.es\/en\/wp-json\/wp\/v2\/product"}],"about":[{"href":"https:\/\/grupotextil.es\/en\/wp-json\/wp\/v2\/types\/product"}],"replies":[{"embeddable":true,"href":"https:\/\/grupotextil.es\/en\/wp-json\/wp\/v2\/comments?post=352491"}],"wp:featuredmedia":[{"embeddable":true,"href":"https:\/\/grupotextil.es\/en\/wp-json\/wp\/v2\/media\/408308"}],"wp:attachment":[{"href":"https:\/\/grupotextil.es\/en\/wp-json\/wp\/v2\/media?parent=352491"}],"wp:term":[{"taxonomy":"product_brand","embeddable":true,"href":"https:\/\/grupotextil.es\/en\/wp-json\/wp\/v2\/product_brand?post=352491"},{"taxonomy":"product_cat","embeddable":true,"href":"https:\/\/grupotextil.es\/en\/wp-json\/wp\/v2\/product_cat?post=352491"},{"taxonomy":"product_tag","embeddable":true,"href":"https:\/\/grupotextil.es\/en\/wp-json\/wp\/v2\/product_tag?post=352491"}],"curies":[{"name":"wp","href":"https:\/\/api.w.org\/{rel}","templated":true}]}}