{"id":352519,"date":"2026-03-08T01:36:43","date_gmt":"2026-03-08T00:36:43","guid":{"rendered":"https:\/\/grupotextil.es\/producto\/funda-portatil-15-essential\/"},"modified":"2026-03-08T01:36:43","modified_gmt":"2026-03-08T00:36:43","slug":"funda-portatil-15-essential","status":"publish","type":"product","link":"https:\/\/grupotextil.es\/en\/product\/funda-portatil-15-essential\/","title":{"rendered":"Funda port\u00e1til 15 Essential"},"content":{"rendered":"<ul>\n<li>100% poli\u00e9ster (600D)<\/li>\n<li>Recubrimiento suave al tacto<\/li>\n<li>Compartimento principal acolchado con cremallera, compatible con port\u00e1tiles de hasta 15.6<\/li>\n<li>Bolsillo delantero<\/li>\n<li>Dise\u00f1o moderno<\/li>\n<li>Etiqueta extra\u00edble TearAway para facilitar el rebranding<\/li>\n<li>Capacidad: 2 litros<\/li>\n<li>Medidass: 39 x 27.5 x 2 cm<\/li>\n<li>Max. bordado: aro tubular 12<\/li>\n<li>Max. \u00c1rea de impresi\u00f3n: 35 x 15 cm (se puede decorar en la parte delantera y trasera)<\/li>\n<\/ul>","protected":false},"excerpt":{"rendered":"<p>100% poli\u00e9ster (600D)Recubrimiento suave al tactoCompartimento principal acolchado con cremallera, compatible con port\u00e1tiles de hasta 15.6Bolsillo delanteroDise\u00f1o modernoEtiqueta extra\u00edble TearAway&#8230;<\/p>","protected":false},"featured_media":408321,"comment_status":"open","ping_status":"closed","template":"","meta":{"_acf_changed":false},"product_brand":[11668],"product_cat":[13954,13939,13950,13932,13930,13975,13973],"product_tag":[],"class_list":{"0":"post-352519","1":"product","2":"type-product","3":"status-publish","4":"has-post-thumbnail","6":"product_brand-bag-base","7":"product_cat-acc-bolsas-y-mochilas","8":"product_cat-deportivo","9":"product_cat-gorros-y-beanies","10":"product_cat-hosteleria-horeca","11":"product_cat-laboral","12":"product_cat-ropa-mujer","13":"product_cat-ropa","14":"tm-no-options","16":"first","17":"instock","18":"taxable","19":"shipping-taxable","20":"product-type-variable"},"acf":[],"_links":{"self":[{"href":"https:\/\/grupotextil.es\/en\/wp-json\/wp\/v2\/product\/352519","targetHints":{"allow":["GET"]}}],"collection":[{"href":"https:\/\/grupotextil.es\/en\/wp-json\/wp\/v2\/product"}],"about":[{"href":"https:\/\/grupotextil.es\/en\/wp-json\/wp\/v2\/types\/product"}],"replies":[{"embeddable":true,"href":"https:\/\/grupotextil.es\/en\/wp-json\/wp\/v2\/comments?post=352519"}],"wp:featuredmedia":[{"embeddable":true,"href":"https:\/\/grupotextil.es\/en\/wp-json\/wp\/v2\/media\/408321"}],"wp:attachment":[{"href":"https:\/\/grupotextil.es\/en\/wp-json\/wp\/v2\/media?parent=352519"}],"wp:term":[{"taxonomy":"product_brand","embeddable":true,"href":"https:\/\/grupotextil.es\/en\/wp-json\/wp\/v2\/product_brand?post=352519"},{"taxonomy":"product_cat","embeddable":true,"href":"https:\/\/grupotextil.es\/en\/wp-json\/wp\/v2\/product_cat?post=352519"},{"taxonomy":"product_tag","embeddable":true,"href":"https:\/\/grupotextil.es\/en\/wp-json\/wp\/v2\/product_tag?post=352519"}],"curies":[{"name":"wp","href":"https:\/\/api.w.org\/{rel}","templated":true}]}}