{"id":354097,"date":"2026-03-08T01:39:28","date_gmt":"2026-03-08T00:39:28","guid":{"rendered":"https:\/\/grupotextil.es\/producto\/camiseta-superwash-60o-mujer\/"},"modified":"2026-03-08T01:39:28","modified_gmt":"2026-03-08T00:39:28","slug":"camiseta-superwash-60o-mujer","status":"publish","type":"product","link":"https:\/\/grupotextil.es\/en\/product\/camiseta-superwash-60o-mujer\/","title":{"rendered":"Camiseta Superwash\u00ae 60\u00ba mujer"},"content":{"rendered":"<ul>\n<li>160 g\/m\u00b2<\/li>\n<li>65% poli\u00e9ster, 35% algod\u00f3n ring-spun y peinado<\/li>\n<li>Cuello redondo en canal\u00e9 1&#215;1<\/li>\n<li>Encintado de hombro a hombro<\/li>\n<li>Dobladillo y pu\u00f1os a doble aguja<\/li>\n<li>Lavado a 60\u00b0C<\/li>\n<li>Etiqueta extraible<\/li>\n<li>Estilo actual<\/li>\n<li>Perfecto para todos los tipos de personalizaci\u00f3n, incluyendo la sublimaci\u00f3n.<\/li>\n<\/ul>","protected":false},"excerpt":{"rendered":"<p>160 g\/m\u00b265% poli\u00e9ster, 35% algod\u00f3n ring-spun y peinadoCuello redondo en canal\u00e9 1x1Encintado de hombro a hombroDobladillo y pu\u00f1os a doble agujaLavado a 60\u00b0CEtiqueta extraibleEstilo actualPerfecto pa&#8230;<\/p>","protected":false},"featured_media":408557,"comment_status":"open","ping_status":"closed","template":"","meta":{"_acf_changed":false},"product_brand":[11672],"product_cat":[13931,13977,13986,13974,13930,13975,13973],"product_tag":[],"class_list":{"0":"post-354097","1":"product","2":"type-product","3":"status-publish","4":"has-post-thumbnail","6":"product_brand-kustom-kit","7":"product_cat-rl-alta-visibilidad","8":"product_cat-h-camisetas-manga-corta","9":"product_cat-m-camisetas-manga-corta","10":"product_cat-ropa-hombre","11":"product_cat-laboral","12":"product_cat-ropa-mujer","13":"product_cat-ropa","14":"tm-no-options","16":"first","17":"instock","18":"taxable","19":"shipping-taxable","20":"product-type-variable"},"acf":[],"_links":{"self":[{"href":"https:\/\/grupotextil.es\/en\/wp-json\/wp\/v2\/product\/354097","targetHints":{"allow":["GET"]}}],"collection":[{"href":"https:\/\/grupotextil.es\/en\/wp-json\/wp\/v2\/product"}],"about":[{"href":"https:\/\/grupotextil.es\/en\/wp-json\/wp\/v2\/types\/product"}],"replies":[{"embeddable":true,"href":"https:\/\/grupotextil.es\/en\/wp-json\/wp\/v2\/comments?post=354097"}],"wp:featuredmedia":[{"embeddable":true,"href":"https:\/\/grupotextil.es\/en\/wp-json\/wp\/v2\/media\/408557"}],"wp:attachment":[{"href":"https:\/\/grupotextil.es\/en\/wp-json\/wp\/v2\/media?parent=354097"}],"wp:term":[{"taxonomy":"product_brand","embeddable":true,"href":"https:\/\/grupotextil.es\/en\/wp-json\/wp\/v2\/product_brand?post=354097"},{"taxonomy":"product_cat","embeddable":true,"href":"https:\/\/grupotextil.es\/en\/wp-json\/wp\/v2\/product_cat?post=354097"},{"taxonomy":"product_tag","embeddable":true,"href":"https:\/\/grupotextil.es\/en\/wp-json\/wp\/v2\/product_tag?post=354097"}],"curies":[{"name":"wp","href":"https:\/\/api.w.org\/{rel}","templated":true}]}}