{"id":354495,"date":"2026-03-08T01:40:11","date_gmt":"2026-03-08T00:40:11","guid":{"rendered":"https:\/\/grupotextil.es\/producto\/camiseta-top-mujer-tank\/"},"modified":"2026-03-08T01:40:11","modified_gmt":"2026-03-08T00:40:11","slug":"camiseta-top-mujer-tank","status":"publish","type":"product","link":"https:\/\/grupotextil.es\/en\/product\/camiseta-top-mujer-tank\/","title":{"rendered":"Camiseta top mujer Tank"},"content":{"rendered":"<ul>\n<li>144-153 g\/m\u00b2<\/li>\n<li>100% algod\u00f3n ring-spun<\/li>\n<li>(Sport Grey: 90% algod\u00f3n, 10% poli\u00e9ster)<\/li>\n<li>Tejido de alta densidad, superficie de impresi\u00f3n suave<\/li>\n<li>Tirantes anchos<\/li>\n<li>Canal\u00e9 en escote y sisas<\/li>\n<li>Costuras laterales<\/li>\n<li>Dobladillo a doble aguja<\/li>\n<li>Etiqueta extra\u00edble<\/li>\n<li>Semiajustado<\/li>\n<\/ul>","protected":false},"excerpt":{"rendered":"<p>144-153 g\/m\u00b2100% algod\u00f3n ring-spun(Sport Grey: 90% algod\u00f3n, 10% poli\u00e9ster)Tejido de alta densidad, superficie de impresi\u00f3n suaveTirantes anchosCanal\u00e9 en escote y sisasCosturas lateralesDobladillo a do<\/p>","protected":false},"featured_media":408696,"comment_status":"open","ping_status":"closed","template":"","meta":{"_acf_changed":false},"product_brand":[11666],"product_cat":[13931,13977,13986,13974,13930,13975,13973],"product_tag":[],"class_list":{"0":"post-354495","1":"product","2":"type-product","3":"status-publish","4":"has-post-thumbnail","6":"product_brand-gildan","7":"product_cat-rl-alta-visibilidad","8":"product_cat-h-camisetas-manga-corta","9":"product_cat-m-camisetas-manga-corta","10":"product_cat-ropa-hombre","11":"product_cat-laboral","12":"product_cat-ropa-mujer","13":"product_cat-ropa","14":"tm-no-options","16":"first","17":"instock","18":"taxable","19":"shipping-taxable","20":"product-type-variable"},"acf":[],"_links":{"self":[{"href":"https:\/\/grupotextil.es\/en\/wp-json\/wp\/v2\/product\/354495","targetHints":{"allow":["GET"]}}],"collection":[{"href":"https:\/\/grupotextil.es\/en\/wp-json\/wp\/v2\/product"}],"about":[{"href":"https:\/\/grupotextil.es\/en\/wp-json\/wp\/v2\/types\/product"}],"replies":[{"embeddable":true,"href":"https:\/\/grupotextil.es\/en\/wp-json\/wp\/v2\/comments?post=354495"}],"wp:featuredmedia":[{"embeddable":true,"href":"https:\/\/grupotextil.es\/en\/wp-json\/wp\/v2\/media\/408696"}],"wp:attachment":[{"href":"https:\/\/grupotextil.es\/en\/wp-json\/wp\/v2\/media?parent=354495"}],"wp:term":[{"taxonomy":"product_brand","embeddable":true,"href":"https:\/\/grupotextil.es\/en\/wp-json\/wp\/v2\/product_brand?post=354495"},{"taxonomy":"product_cat","embeddable":true,"href":"https:\/\/grupotextil.es\/en\/wp-json\/wp\/v2\/product_cat?post=354495"},{"taxonomy":"product_tag","embeddable":true,"href":"https:\/\/grupotextil.es\/en\/wp-json\/wp\/v2\/product_tag?post=354495"}],"curies":[{"name":"wp","href":"https:\/\/api.w.org\/{rel}","templated":true}]}}