{"id":355053,"date":"2026-03-08T01:40:47","date_gmt":"2026-03-08T00:40:47","guid":{"rendered":"https:\/\/grupotextil.es\/producto\/top-impact-softex\/"},"modified":"2026-03-08T01:40:47","modified_gmt":"2026-03-08T00:40:47","slug":"top-impact-softex","status":"publish","type":"product","link":"https:\/\/grupotextil.es\/en\/product\/top-impact-softex\/","title":{"rendered":"Top Impact Softex\u00ae"},"content":{"rendered":"<ul>\n<li>200 g\/m\u00b2<\/li>\n<li>88% poli\u00e9ster, 12% elastano<\/li>\n<li>Tacto melocot\u00f3n<\/li>\n<li>Secado r\u00e1pido<\/li>\n<li>Espalda nadadora<\/li>\n<li>Costuras planas<\/li>\n<li>Banda el\u00e1stica.<\/li>\n<li>COLORES DESCATALOGADOS: Se retiran 1 colores de la colecci\u00f3n Falk&amp;Ross (Todav\u00eda est\u00e1n en el portfolio del fabricante).<\/li>\n<\/ul>","protected":false},"excerpt":{"rendered":"<p>200 g\/m\u00b288% poli\u00e9ster, 12% elastanoTacto melocot\u00f3nSecado r\u00e1pidoEspalda nadadoraCosturas planasBanda el\u00e1stica.<\/p>","protected":false},"featured_media":408812,"comment_status":"open","ping_status":"closed","template":"","meta":{"_acf_changed":false},"product_brand":[11669],"product_cat":[13931,13977,13986,13974,13930,13975,13973],"product_tag":[],"class_list":{"0":"post-355053","1":"product","2":"type-product","3":"status-publish","4":"has-post-thumbnail","6":"product_brand-result","7":"product_cat-rl-alta-visibilidad","8":"product_cat-h-camisetas-manga-corta","9":"product_cat-m-camisetas-manga-corta","10":"product_cat-ropa-hombre","11":"product_cat-laboral","12":"product_cat-ropa-mujer","13":"product_cat-ropa","14":"tm-no-options","16":"first","17":"instock","18":"taxable","19":"shipping-taxable","20":"product-type-variable"},"acf":[],"_links":{"self":[{"href":"https:\/\/grupotextil.es\/en\/wp-json\/wp\/v2\/product\/355053","targetHints":{"allow":["GET"]}}],"collection":[{"href":"https:\/\/grupotextil.es\/en\/wp-json\/wp\/v2\/product"}],"about":[{"href":"https:\/\/grupotextil.es\/en\/wp-json\/wp\/v2\/types\/product"}],"replies":[{"embeddable":true,"href":"https:\/\/grupotextil.es\/en\/wp-json\/wp\/v2\/comments?post=355053"}],"wp:featuredmedia":[{"embeddable":true,"href":"https:\/\/grupotextil.es\/en\/wp-json\/wp\/v2\/media\/408812"}],"wp:attachment":[{"href":"https:\/\/grupotextil.es\/en\/wp-json\/wp\/v2\/media?parent=355053"}],"wp:term":[{"taxonomy":"product_brand","embeddable":true,"href":"https:\/\/grupotextil.es\/en\/wp-json\/wp\/v2\/product_brand?post=355053"},{"taxonomy":"product_cat","embeddable":true,"href":"https:\/\/grupotextil.es\/en\/wp-json\/wp\/v2\/product_cat?post=355053"},{"taxonomy":"product_tag","embeddable":true,"href":"https:\/\/grupotextil.es\/en\/wp-json\/wp\/v2\/product_tag?post=355053"}],"curies":[{"name":"wp","href":"https:\/\/api.w.org\/{rel}","templated":true}]}}