{"id":355134,"date":"2026-03-08T01:40:51","date_gmt":"2026-03-08T00:40:51","guid":{"rendered":"https:\/\/grupotextil.es\/producto\/gorro-multi-sport\/"},"modified":"2026-03-08T01:40:51","modified_gmt":"2026-03-08T00:40:51","slug":"gorro-multi-sport","status":"publish","type":"product","link":"https:\/\/grupotextil.es\/en\/product\/gorro-multi-sport\/","title":{"rendered":"Beanie Multi-Sport"},"content":{"rendered":"<ul>\n<li>100% poli\u00e9ster reciclado<\/li>\n<li>Combinaciones de colores deportivos<\/li>\n<li>Pu\u00f1os plegables de gran tama\u00f1o<\/li>\n<li>Dise\u00f1o de rayas m\u00faltiples<\/li>\n<li>Tejido de doble capa<\/li>\n<li>Pomp\u00f3n de un solo color<\/li>\n<li>Forro de microfibra para mayor comodidad y calidez.<\/li>\n<li>Dise\u00f1o con pu\u00f1os para una decoraci\u00f3n \u00f3ptima.<\/li>\n<\/ul>","protected":false},"excerpt":{"rendered":"<p>100% poli\u00e9ster recicladoCombinaciones de colores deportivosPu\u00f1os plegables de gran tama\u00f1oDise\u00f1o de rayas m\u00faltiplesTejido de doble capaPomp\u00f3n de un solo colorForro de microfibra para mayor comodidad&#8230;<\/p>","protected":false},"featured_media":408824,"comment_status":"open","ping_status":"closed","template":"","meta":{"_acf_changed":false},"product_brand":[11655],"product_cat":[13931,13977,13986,13974,13930,13975,13973],"product_tag":[],"class_list":{"0":"post-355134","1":"product","2":"type-product","3":"status-publish","4":"has-post-thumbnail","6":"product_brand-beechfield","7":"product_cat-rl-alta-visibilidad","8":"product_cat-h-camisetas-manga-corta","9":"product_cat-m-camisetas-manga-corta","10":"product_cat-ropa-hombre","11":"product_cat-laboral","12":"product_cat-ropa-mujer","13":"product_cat-ropa","14":"tm-no-options","16":"first","17":"instock","18":"taxable","19":"shipping-taxable","20":"product-type-variable"},"acf":[],"_links":{"self":[{"href":"https:\/\/grupotextil.es\/en\/wp-json\/wp\/v2\/product\/355134","targetHints":{"allow":["GET"]}}],"collection":[{"href":"https:\/\/grupotextil.es\/en\/wp-json\/wp\/v2\/product"}],"about":[{"href":"https:\/\/grupotextil.es\/en\/wp-json\/wp\/v2\/types\/product"}],"replies":[{"embeddable":true,"href":"https:\/\/grupotextil.es\/en\/wp-json\/wp\/v2\/comments?post=355134"}],"wp:featuredmedia":[{"embeddable":true,"href":"https:\/\/grupotextil.es\/en\/wp-json\/wp\/v2\/media\/408824"}],"wp:attachment":[{"href":"https:\/\/grupotextil.es\/en\/wp-json\/wp\/v2\/media?parent=355134"}],"wp:term":[{"taxonomy":"product_brand","embeddable":true,"href":"https:\/\/grupotextil.es\/en\/wp-json\/wp\/v2\/product_brand?post=355134"},{"taxonomy":"product_cat","embeddable":true,"href":"https:\/\/grupotextil.es\/en\/wp-json\/wp\/v2\/product_cat?post=355134"},{"taxonomy":"product_tag","embeddable":true,"href":"https:\/\/grupotextil.es\/en\/wp-json\/wp\/v2\/product_tag?post=355134"}],"curies":[{"name":"wp","href":"https:\/\/api.w.org\/{rel}","templated":true}]}}