{"id":355294,"date":"2026-03-08T01:41:04","date_gmt":"2026-03-08T00:41:04","guid":{"rendered":"https:\/\/grupotextil.es\/producto\/camiseta-manga-larga-original\/"},"modified":"2026-03-08T01:41:04","modified_gmt":"2026-03-08T00:41:04","slug":"camiseta-manga-larga-original","status":"publish","type":"product","link":"https:\/\/grupotextil.es\/en\/product\/camiseta-manga-larga-original\/","title":{"rendered":"T-Shirt Long Sleeve Original"},"content":{"rendered":"<ul>\n<li>145 g\/m\u00b2 (Blanco: 135 g\/m\u00b2)<\/li>\n<li>100% algod\u00f3n<\/li>\n<li>Heather Grey: 97% algod\u00f3n, 3% poli\u00e9ster<\/li>\n<li>Punto fino para una mejor imprimibilidad<\/li>\n<li>Cuello redondo en canal\u00e9<\/li>\n<li>Cinta de cuello trasera del mismo tejido<\/li>\n<li>Doble costura en los extremos de la manga y en el dobladillo.<\/li>\n<\/ul>","protected":false},"excerpt":{"rendered":"<p>145 g\/m\u00b2 (Blanco: 135 g\/m\u00b2)100% algod\u00f3nHeather Grey: 97% algod\u00f3n, 3% poli\u00e9sterPunto fino para una mejor imprimibilidadCuello redondo en canal\u00e9Cinta de cuello trasera del mismo tejidoDoble costura e&#8230;<\/p>","protected":false},"featured_media":408900,"comment_status":"open","ping_status":"closed","template":"","meta":{"_acf_changed":false},"product_brand":[11665],"product_cat":[13931,13977,13986,13974,13930,13975,13973],"product_tag":[],"class_list":{"0":"post-355294","1":"product","2":"type-product","3":"status-publish","4":"has-post-thumbnail","6":"product_brand-fruit-of-the-loom","7":"product_cat-rl-alta-visibilidad","8":"product_cat-h-camisetas-manga-corta","9":"product_cat-m-camisetas-manga-corta","10":"product_cat-ropa-hombre","11":"product_cat-laboral","12":"product_cat-ropa-mujer","13":"product_cat-ropa","14":"tm-no-options","16":"first","17":"instock","18":"taxable","19":"shipping-taxable","20":"product-type-variable"},"acf":[],"_links":{"self":[{"href":"https:\/\/grupotextil.es\/en\/wp-json\/wp\/v2\/product\/355294","targetHints":{"allow":["GET"]}}],"collection":[{"href":"https:\/\/grupotextil.es\/en\/wp-json\/wp\/v2\/product"}],"about":[{"href":"https:\/\/grupotextil.es\/en\/wp-json\/wp\/v2\/types\/product"}],"replies":[{"embeddable":true,"href":"https:\/\/grupotextil.es\/en\/wp-json\/wp\/v2\/comments?post=355294"}],"wp:featuredmedia":[{"embeddable":true,"href":"https:\/\/grupotextil.es\/en\/wp-json\/wp\/v2\/media\/408900"}],"wp:attachment":[{"href":"https:\/\/grupotextil.es\/en\/wp-json\/wp\/v2\/media?parent=355294"}],"wp:term":[{"taxonomy":"product_brand","embeddable":true,"href":"https:\/\/grupotextil.es\/en\/wp-json\/wp\/v2\/product_brand?post=355294"},{"taxonomy":"product_cat","embeddable":true,"href":"https:\/\/grupotextil.es\/en\/wp-json\/wp\/v2\/product_cat?post=355294"},{"taxonomy":"product_tag","embeddable":true,"href":"https:\/\/grupotextil.es\/en\/wp-json\/wp\/v2\/product_tag?post=355294"}],"curies":[{"name":"wp","href":"https:\/\/api.w.org\/{rel}","templated":true}]}}