{"id":356472,"date":"2026-03-08T01:43:41","date_gmt":"2026-03-08T00:43:41","guid":{"rendered":"https:\/\/grupotextil.es\/producto\/camiseta-softstyle-midweight-sin-etiqueta-adulto\/"},"modified":"2026-03-08T01:43:41","modified_gmt":"2026-03-08T00:43:41","slug":"camiseta-softstyle-midweight-sin-etiqueta-adulto","status":"publish","type":"product","link":"https:\/\/grupotextil.es\/en\/product\/camiseta-softstyle-midweight-sin-etiqueta-adulto\/","title":{"rendered":"Camiseta Softstyle Midweight sin etiqueta adulto"},"content":{"rendered":"<ul>\n<li>185 g\/m\u00b2<\/li>\n<li>100 % algod\u00f3n ring-spun<\/li>\n<li>Algod\u00f3n ring-spun suave y mezclas de algod\u00f3n<\/li>\n<li>La alta densidad de puntada de Softstyle junto con el lavado enzim\u00e1tico crea una superficie lisa para la impresi\u00f3n<\/li>\n<li>Etiqueta peque\u00f1a de talla situada en un lateral de la parte trasera del cuello<\/li>\n<li>Refuerzo con cinta en cuello y hombros para mayor comodidad y durabilidad<\/li>\n<li>Corte cl\u00e1sico moderno, cuerpo con costuras laterales.<\/li>\n<\/ul>","protected":false},"excerpt":{"rendered":"<p>185 g\/m\u00b2100 % algod\u00f3n ring-spunAlgod\u00f3n ring-spun suave y mezclas de algod\u00f3nLa alta densidad de puntada de Softstyle junto con el lavado enzim\u00e1tico crea una superficie lisa para la impresi\u00f3nEtiqueta&#8230;<\/p>","protected":false},"featured_media":409105,"comment_status":"open","ping_status":"closed","template":"","meta":{"_acf_changed":false},"product_brand":[11666],"product_cat":[13931,13977,13986,13974,13930,13975,13973],"product_tag":[14010],"class_list":{"0":"post-356472","1":"product","2":"type-product","3":"status-publish","4":"has-post-thumbnail","6":"product_brand-gildan","7":"product_cat-rl-alta-visibilidad","8":"product_cat-h-camisetas-manga-corta","9":"product_cat-m-camisetas-manga-corta","10":"product_cat-ropa-hombre","11":"product_cat-laboral","12":"product_cat-ropa-mujer","13":"product_cat-ropa","14":"product_tag-nuevo-2026","15":"tm-no-options","17":"first","18":"instock","19":"taxable","20":"shipping-taxable","21":"product-type-variable"},"acf":[],"_links":{"self":[{"href":"https:\/\/grupotextil.es\/en\/wp-json\/wp\/v2\/product\/356472","targetHints":{"allow":["GET"]}}],"collection":[{"href":"https:\/\/grupotextil.es\/en\/wp-json\/wp\/v2\/product"}],"about":[{"href":"https:\/\/grupotextil.es\/en\/wp-json\/wp\/v2\/types\/product"}],"replies":[{"embeddable":true,"href":"https:\/\/grupotextil.es\/en\/wp-json\/wp\/v2\/comments?post=356472"}],"wp:featuredmedia":[{"embeddable":true,"href":"https:\/\/grupotextil.es\/en\/wp-json\/wp\/v2\/media\/409105"}],"wp:attachment":[{"href":"https:\/\/grupotextil.es\/en\/wp-json\/wp\/v2\/media?parent=356472"}],"wp:term":[{"taxonomy":"product_brand","embeddable":true,"href":"https:\/\/grupotextil.es\/en\/wp-json\/wp\/v2\/product_brand?post=356472"},{"taxonomy":"product_cat","embeddable":true,"href":"https:\/\/grupotextil.es\/en\/wp-json\/wp\/v2\/product_cat?post=356472"},{"taxonomy":"product_tag","embeddable":true,"href":"https:\/\/grupotextil.es\/en\/wp-json\/wp\/v2\/product_tag?post=356472"}],"curies":[{"name":"wp","href":"https:\/\/api.w.org\/{rel}","templated":true}]}}