{"id":356755,"date":"2026-03-08T01:44:22","date_gmt":"2026-03-08T00:44:22","guid":{"rendered":"https:\/\/grupotextil.es\/producto\/camiseta-base-ball\/"},"modified":"2026-03-08T01:44:22","modified_gmt":"2026-03-08T00:44:22","slug":"camiseta-base-ball","status":"publish","type":"product","link":"https:\/\/grupotextil.es\/en\/product\/camiseta-base-ball\/","title":{"rendered":"T-Shirt Base-Ball"},"content":{"rendered":"<ul>\n<li>185 g\/m\u00b2<\/li>\n<li>100% algod\u00f3n ring-spun pre-encogido<\/li>\n<li>Single Jersey<\/li>\n<li>Cuello en canal\u00e9 1&#215;1 con Elast\u00e1n<\/li>\n<li>Cuello encintado<\/li>\n<li>Mangas ragl\u00e1n y cuello en color contrastado<\/li>\n<li>Doble costura en mangas y dobladillo<\/li>\n<li>Corte generoso con costuras laterales<\/li>\n<\/ul>","protected":false},"excerpt":{"rendered":"<p>185 g\/m\u00b2100% algod\u00f3n ring-spun pre-encogidoSingle JerseyCuello en canal\u00e9 1&#215;1 con Elast\u00e1nCuello encintadoMangas ragl\u00e1n y cuello en color contrastadoDoble costura en mangas y dobladilloCorte generoso co<\/p>","protected":false},"featured_media":409185,"comment_status":"open","ping_status":"closed","template":"","meta":{"_acf_changed":false},"product_brand":[11653],"product_cat":[13931,13986,13977,13974,13930,13975,13973],"product_tag":[],"class_list":{"0":"post-356755","1":"product","2":"type-product","3":"status-publish","4":"has-post-thumbnail","6":"product_brand-b-c","7":"product_cat-rl-alta-visibilidad","8":"product_cat-m-camisetas-manga-corta","9":"product_cat-h-camisetas-manga-corta","10":"product_cat-ropa-hombre","11":"product_cat-laboral","12":"product_cat-ropa-mujer","13":"product_cat-ropa","14":"tm-no-options","16":"first","17":"instock","18":"taxable","19":"shipping-taxable","20":"product-type-variable"},"acf":[],"_links":{"self":[{"href":"https:\/\/grupotextil.es\/en\/wp-json\/wp\/v2\/product\/356755","targetHints":{"allow":["GET"]}}],"collection":[{"href":"https:\/\/grupotextil.es\/en\/wp-json\/wp\/v2\/product"}],"about":[{"href":"https:\/\/grupotextil.es\/en\/wp-json\/wp\/v2\/types\/product"}],"replies":[{"embeddable":true,"href":"https:\/\/grupotextil.es\/en\/wp-json\/wp\/v2\/comments?post=356755"}],"wp:featuredmedia":[{"embeddable":true,"href":"https:\/\/grupotextil.es\/en\/wp-json\/wp\/v2\/media\/409185"}],"wp:attachment":[{"href":"https:\/\/grupotextil.es\/en\/wp-json\/wp\/v2\/media?parent=356755"}],"wp:term":[{"taxonomy":"product_brand","embeddable":true,"href":"https:\/\/grupotextil.es\/en\/wp-json\/wp\/v2\/product_brand?post=356755"},{"taxonomy":"product_cat","embeddable":true,"href":"https:\/\/grupotextil.es\/en\/wp-json\/wp\/v2\/product_cat?post=356755"},{"taxonomy":"product_tag","embeddable":true,"href":"https:\/\/grupotextil.es\/en\/wp-json\/wp\/v2\/product_tag?post=356755"}],"curies":[{"name":"wp","href":"https:\/\/api.w.org\/{rel}","templated":true}]}}