{"id":356773,"date":"2026-03-08T01:44:23","date_gmt":"2026-03-08T00:44:23","guid":{"rendered":"https:\/\/grupotextil.es\/producto\/camiseta-regular-superwash-pique-a-60\/"},"modified":"2026-03-08T01:44:23","modified_gmt":"2026-03-08T00:44:23","slug":"camiseta-regular-superwash-pique-a-60","status":"publish","type":"product","link":"https:\/\/grupotextil.es\/en\/product\/camiseta-regular-superwash-pique-a-60\/","title":{"rendered":"T-Shirt Regular Superwash\u00ae piqu\u00e9 a 60\u00b0"},"content":{"rendered":"<ul>\n<li>185 g\/m\u00b2<\/li>\n<li>65% Poli\u00e9ster, 35% Algod\u00f3n (Piqu\u00e9)<\/li>\n<li>Cuello redondo canal\u00e9 1&#215;1<\/li>\n<li>Costuras selladas en los hombros<\/li>\n<li>Dobladillo, hombros y pu\u00f1os de doble puntada<\/li>\n<li>Etiqueta extra\u00edble<\/li>\n<li>Lavable hasta 60\u00b0C<\/li>\n<\/ul>","protected":false},"excerpt":{"rendered":"<p>185 g\/m\u00b265% Poli\u00e9ster, 35% Algod\u00f3n (Piqu\u00e9)Cuello redondo canal\u00e9 1x1Costuras selladas en los hombrosDobladillo, hombros y pu\u00f1os de doble puntadaEtiqueta extra\u00edbleLavable hasta 60\u00b0C<\/p>","protected":false},"featured_media":409193,"comment_status":"open","ping_status":"closed","template":"","meta":{"_acf_changed":false},"product_brand":[11672],"product_cat":[13931,13977,13986,13974,13930,13975,13973],"product_tag":[],"class_list":{"0":"post-356773","1":"product","2":"type-product","3":"status-publish","4":"has-post-thumbnail","6":"product_brand-kustom-kit","7":"product_cat-rl-alta-visibilidad","8":"product_cat-h-camisetas-manga-corta","9":"product_cat-m-camisetas-manga-corta","10":"product_cat-ropa-hombre","11":"product_cat-laboral","12":"product_cat-ropa-mujer","13":"product_cat-ropa","14":"tm-no-options","16":"first","17":"instock","18":"taxable","19":"shipping-taxable","20":"product-type-variable"},"acf":[],"_links":{"self":[{"href":"https:\/\/grupotextil.es\/en\/wp-json\/wp\/v2\/product\/356773","targetHints":{"allow":["GET"]}}],"collection":[{"href":"https:\/\/grupotextil.es\/en\/wp-json\/wp\/v2\/product"}],"about":[{"href":"https:\/\/grupotextil.es\/en\/wp-json\/wp\/v2\/types\/product"}],"replies":[{"embeddable":true,"href":"https:\/\/grupotextil.es\/en\/wp-json\/wp\/v2\/comments?post=356773"}],"wp:featuredmedia":[{"embeddable":true,"href":"https:\/\/grupotextil.es\/en\/wp-json\/wp\/v2\/media\/409193"}],"wp:attachment":[{"href":"https:\/\/grupotextil.es\/en\/wp-json\/wp\/v2\/media?parent=356773"}],"wp:term":[{"taxonomy":"product_brand","embeddable":true,"href":"https:\/\/grupotextil.es\/en\/wp-json\/wp\/v2\/product_brand?post=356773"},{"taxonomy":"product_cat","embeddable":true,"href":"https:\/\/grupotextil.es\/en\/wp-json\/wp\/v2\/product_cat?post=356773"},{"taxonomy":"product_tag","embeddable":true,"href":"https:\/\/grupotextil.es\/en\/wp-json\/wp\/v2\/product_tag?post=356773"}],"curies":[{"name":"wp","href":"https:\/\/api.w.org\/{rel}","templated":true}]}}