{"id":357450,"date":"2026-03-08T01:46:30","date_gmt":"2026-03-08T00:46:30","guid":{"rendered":"https:\/\/grupotextil.es\/producto\/camiseta-softstyle-peso-medio-ninos\/"},"modified":"2026-03-08T01:46:30","modified_gmt":"2026-03-08T00:46:30","slug":"camiseta-softstyle-peso-medio-ninos","status":"publish","type":"product","link":"https:\/\/grupotextil.es\/en\/product\/camiseta-softstyle-peso-medio-ninos\/","title":{"rendered":"T-Shirt Softstyle peso medio Kidss"},"content":{"rendered":"<ul>\n<li>183 g\/m\u00b2 (White: 180 g\/m\u00b2)<\/li>\n<li>100% algod\u00f3n ringspun<\/li>\n<li>Sport Grey: 90% algod\u00f3n, 10% poli\u00e9ster<\/li>\n<li>Sin pespuntes, ancho cl\u00e1sico, cuello acanalado<\/li>\n<li>Cuello y hombros sellados para mayor comodidad y durabilidad<\/li>\n<li>Ca\u00edda tubular<\/li>\n<li>Tejido de alta densidad, ofrece una superficie de impresi\u00f3n suave, ideal para DTG<\/li>\n<li>Etiqueta extra\u00edble color negro<\/li>\n<li>Corte cl\u00e1sico moderno<\/li>\n<\/ul>","protected":false},"excerpt":{"rendered":"<p>183 g\/m\u00b2 (White: 180 g\/m\u00b2)100% algod\u00f3n ringspunSport Grey: 90% algod\u00f3n, 10% poli\u00e9sterSin pespuntes, ancho cl\u00e1sico, cuello acanaladoCuello y hombros sellados para mayor comodidad y durabilidadCa\u00edda tub<\/p>","protected":false},"featured_media":409280,"comment_status":"open","ping_status":"closed","template":"","meta":{"_acf_changed":false},"product_brand":[11666],"product_cat":[13931,13977,13986,13974,13930,13975,13973],"product_tag":[],"class_list":{"0":"post-357450","1":"product","2":"type-product","3":"status-publish","4":"has-post-thumbnail","6":"product_brand-gildan","7":"product_cat-rl-alta-visibilidad","8":"product_cat-h-camisetas-manga-corta","9":"product_cat-m-camisetas-manga-corta","10":"product_cat-ropa-hombre","11":"product_cat-laboral","12":"product_cat-ropa-mujer","13":"product_cat-ropa","14":"tm-no-options","16":"first","17":"instock","18":"taxable","19":"shipping-taxable","20":"product-type-variable"},"acf":[],"_links":{"self":[{"href":"https:\/\/grupotextil.es\/en\/wp-json\/wp\/v2\/product\/357450","targetHints":{"allow":["GET"]}}],"collection":[{"href":"https:\/\/grupotextil.es\/en\/wp-json\/wp\/v2\/product"}],"about":[{"href":"https:\/\/grupotextil.es\/en\/wp-json\/wp\/v2\/types\/product"}],"replies":[{"embeddable":true,"href":"https:\/\/grupotextil.es\/en\/wp-json\/wp\/v2\/comments?post=357450"}],"wp:featuredmedia":[{"embeddable":true,"href":"https:\/\/grupotextil.es\/en\/wp-json\/wp\/v2\/media\/409280"}],"wp:attachment":[{"href":"https:\/\/grupotextil.es\/en\/wp-json\/wp\/v2\/media?parent=357450"}],"wp:term":[{"taxonomy":"product_brand","embeddable":true,"href":"https:\/\/grupotextil.es\/en\/wp-json\/wp\/v2\/product_brand?post=357450"},{"taxonomy":"product_cat","embeddable":true,"href":"https:\/\/grupotextil.es\/en\/wp-json\/wp\/v2\/product_cat?post=357450"},{"taxonomy":"product_tag","embeddable":true,"href":"https:\/\/grupotextil.es\/en\/wp-json\/wp\/v2\/product_tag?post=357450"}],"curies":[{"name":"wp","href":"https:\/\/api.w.org\/{rel}","templated":true}]}}