{"id":357856,"date":"2026-03-08T01:49:26","date_gmt":"2026-03-08T00:49:26","guid":{"rendered":"https:\/\/grupotextil.es\/producto\/camiseta-ladies-original\/"},"modified":"2026-03-08T01:49:26","modified_gmt":"2026-03-08T00:49:26","slug":"camiseta-ladies-original","status":"publish","type":"product","link":"https:\/\/grupotextil.es\/en\/product\/camiseta-ladies-original\/","title":{"rendered":"T-Shirt Ladies Original"},"content":{"rendered":"<ul>\n<li>145 g\/m\u00b2 (White: 135 g\/m\u00b2)<\/li>\n<li>100% algod\u00f3n<\/li>\n<li>Punto fino para mejorar la impresi\u00f3n<\/li>\n<li>Cuello redondo en canal\u00e9<\/li>\n<li>Cuello encintado<\/li>\n<li>Costuras laterales<\/li>\n<li>Corte femenino<\/li>\n<\/ul>","protected":false},"excerpt":{"rendered":"<p>145 g\/m\u00b2 (White: 135 g\/m\u00b2)100% algod\u00f3nPunto fino para mejorar la impresi\u00f3nCuello redondo en canal\u00e9Cuello encintadoCosturas lateralesCorte femenino<\/p>","protected":false},"featured_media":409356,"comment_status":"open","ping_status":"closed","template":"","meta":{"_acf_changed":false},"product_brand":[11665],"product_cat":[13931,13977,13986,13974,13930,13975,13973],"product_tag":[],"class_list":{"0":"post-357856","1":"product","2":"type-product","3":"status-publish","4":"has-post-thumbnail","6":"product_brand-fruit-of-the-loom","7":"product_cat-rl-alta-visibilidad","8":"product_cat-h-camisetas-manga-corta","9":"product_cat-m-camisetas-manga-corta","10":"product_cat-ropa-hombre","11":"product_cat-laboral","12":"product_cat-ropa-mujer","13":"product_cat-ropa","14":"tm-no-options","16":"first","17":"instock","18":"taxable","19":"shipping-taxable","20":"product-type-variable"},"acf":[],"_links":{"self":[{"href":"https:\/\/grupotextil.es\/en\/wp-json\/wp\/v2\/product\/357856","targetHints":{"allow":["GET"]}}],"collection":[{"href":"https:\/\/grupotextil.es\/en\/wp-json\/wp\/v2\/product"}],"about":[{"href":"https:\/\/grupotextil.es\/en\/wp-json\/wp\/v2\/types\/product"}],"replies":[{"embeddable":true,"href":"https:\/\/grupotextil.es\/en\/wp-json\/wp\/v2\/comments?post=357856"}],"wp:featuredmedia":[{"embeddable":true,"href":"https:\/\/grupotextil.es\/en\/wp-json\/wp\/v2\/media\/409356"}],"wp:attachment":[{"href":"https:\/\/grupotextil.es\/en\/wp-json\/wp\/v2\/media?parent=357856"}],"wp:term":[{"taxonomy":"product_brand","embeddable":true,"href":"https:\/\/grupotextil.es\/en\/wp-json\/wp\/v2\/product_brand?post=357856"},{"taxonomy":"product_cat","embeddable":true,"href":"https:\/\/grupotextil.es\/en\/wp-json\/wp\/v2\/product_cat?post=357856"},{"taxonomy":"product_tag","embeddable":true,"href":"https:\/\/grupotextil.es\/en\/wp-json\/wp\/v2\/product_tag?post=357856"}],"curies":[{"name":"wp","href":"https:\/\/api.w.org\/{rel}","templated":true}]}}