{"id":357949,"date":"2026-03-08T01:49:43","date_gmt":"2026-03-08T00:49:43","guid":{"rendered":"https:\/\/grupotextil.es\/producto\/camiseta-unlabeled-loose-fit\/"},"modified":"2026-03-08T01:49:43","modified_gmt":"2026-03-08T00:49:43","slug":"camiseta-unlabeled-loose-fit","status":"publish","type":"product","link":"https:\/\/grupotextil.es\/en\/product\/camiseta-unlabeled-loose-fit\/","title":{"rendered":"T-Shirt UNLABELED Loose Fit"},"content":{"rendered":"<ul>\n<li>220 g\/m\u00b2<\/li>\n<li>100% algod\u00f3n, ring-spun y peinado (org\u00e1nico)<\/li>\n<li>Ajuste holgado<\/li>\n<li>Canal\u00e9 ancho 1&#215;1 con doble costura<\/li>\n<li>Mangas montadas<\/li>\n<\/ul>","protected":false},"excerpt":{"rendered":"<p>220 g\/m\u00b2100% algod\u00f3n, ring-spun y peinado (org\u00e1nico)Ajuste holgadoCanal\u00e9 ancho 1&#215;1 con doble costuraMangas montadas<\/p>","protected":false},"featured_media":409379,"comment_status":"open","ping_status":"closed","template":"","meta":{"_acf_changed":false},"product_brand":[11671],"product_cat":[13931,13977,13986,13974,13930,13975,13973],"product_tag":[],"class_list":{"0":"post-357949","1":"product","2":"type-product","3":"status-publish","4":"has-post-thumbnail","6":"product_brand-tee-jays","7":"product_cat-rl-alta-visibilidad","8":"product_cat-h-camisetas-manga-corta","9":"product_cat-m-camisetas-manga-corta","10":"product_cat-ropa-hombre","11":"product_cat-laboral","12":"product_cat-ropa-mujer","13":"product_cat-ropa","14":"tm-no-options","16":"first","17":"instock","18":"taxable","19":"shipping-taxable","20":"product-type-variable"},"acf":[],"_links":{"self":[{"href":"https:\/\/grupotextil.es\/en\/wp-json\/wp\/v2\/product\/357949","targetHints":{"allow":["GET"]}}],"collection":[{"href":"https:\/\/grupotextil.es\/en\/wp-json\/wp\/v2\/product"}],"about":[{"href":"https:\/\/grupotextil.es\/en\/wp-json\/wp\/v2\/types\/product"}],"replies":[{"embeddable":true,"href":"https:\/\/grupotextil.es\/en\/wp-json\/wp\/v2\/comments?post=357949"}],"wp:featuredmedia":[{"embeddable":true,"href":"https:\/\/grupotextil.es\/en\/wp-json\/wp\/v2\/media\/409379"}],"wp:attachment":[{"href":"https:\/\/grupotextil.es\/en\/wp-json\/wp\/v2\/media?parent=357949"}],"wp:term":[{"taxonomy":"product_brand","embeddable":true,"href":"https:\/\/grupotextil.es\/en\/wp-json\/wp\/v2\/product_brand?post=357949"},{"taxonomy":"product_cat","embeddable":true,"href":"https:\/\/grupotextil.es\/en\/wp-json\/wp\/v2\/product_cat?post=357949"},{"taxonomy":"product_tag","embeddable":true,"href":"https:\/\/grupotextil.es\/en\/wp-json\/wp\/v2\/product_tag?post=357949"}],"curies":[{"name":"wp","href":"https:\/\/api.w.org\/{rel}","templated":true}]}}