{"id":357990,"date":"2026-03-08T01:50:01","date_gmt":"2026-03-08T00:50:01","guid":{"rendered":"https:\/\/grupotextil.es\/producto\/camiseta-organica-pure-heavy-mujer\/"},"modified":"2026-03-08T01:50:01","modified_gmt":"2026-03-08T00:50:01","slug":"camiseta-organica-pure-heavy-mujer","status":"publish","type":"product","link":"https:\/\/grupotextil.es\/en\/product\/camiseta-organica-pure-heavy-mujer\/","title":{"rendered":"Camiseta org\u00e1nico Pure Heavy mujer"},"content":{"rendered":"<ul>\n<li>190 g\/m\u00b2<\/li>\n<li>100% algod\u00f3n org\u00e1nico peinado ringpsun<\/li>\n<li>Single jersey<\/li>\n<li>Superficie lisa para mejores resultados de impresi\u00f3n<\/li>\n<li>Cuello estrecho con elastano y puntada \u00ednica<\/li>\n<li>Cinta de hombro a hombro<\/li>\n<li>Sin etiqueta<\/li>\n<li>Costuras laterales<\/li>\n<li>Ajuste actual y moderno<\/li>\n<\/ul>","protected":false},"excerpt":{"rendered":"<p>190 g\/m\u00b2100% algod\u00f3n org\u00e1nico peinado ringpsunSingle jerseySuperficie lisa para mejores resultados de impresi\u00f3nCuello estrecho con elastano y puntada \u00ednicaCinta de hombro a hombroSin etiquetaCosturas<\/p>","protected":false},"featured_media":409405,"comment_status":"open","ping_status":"closed","template":"","meta":{"_acf_changed":false},"product_brand":[11670],"product_cat":[13931,13977,13986,13974,13930,13975,13973],"product_tag":[],"class_list":{"0":"post-357990","1":"product","2":"type-product","3":"status-publish","4":"has-post-thumbnail","6":"product_brand-russell-europe","7":"product_cat-rl-alta-visibilidad","8":"product_cat-h-camisetas-manga-corta","9":"product_cat-m-camisetas-manga-corta","10":"product_cat-ropa-hombre","11":"product_cat-laboral","12":"product_cat-ropa-mujer","13":"product_cat-ropa","14":"tm-no-options","16":"first","17":"instock","18":"taxable","19":"shipping-taxable","20":"product-type-variable"},"acf":[],"_links":{"self":[{"href":"https:\/\/grupotextil.es\/en\/wp-json\/wp\/v2\/product\/357990","targetHints":{"allow":["GET"]}}],"collection":[{"href":"https:\/\/grupotextil.es\/en\/wp-json\/wp\/v2\/product"}],"about":[{"href":"https:\/\/grupotextil.es\/en\/wp-json\/wp\/v2\/types\/product"}],"replies":[{"embeddable":true,"href":"https:\/\/grupotextil.es\/en\/wp-json\/wp\/v2\/comments?post=357990"}],"wp:featuredmedia":[{"embeddable":true,"href":"https:\/\/grupotextil.es\/en\/wp-json\/wp\/v2\/media\/409405"}],"wp:attachment":[{"href":"https:\/\/grupotextil.es\/en\/wp-json\/wp\/v2\/media?parent=357990"}],"wp:term":[{"taxonomy":"product_brand","embeddable":true,"href":"https:\/\/grupotextil.es\/en\/wp-json\/wp\/v2\/product_brand?post=357990"},{"taxonomy":"product_cat","embeddable":true,"href":"https:\/\/grupotextil.es\/en\/wp-json\/wp\/v2\/product_cat?post=357990"},{"taxonomy":"product_tag","embeddable":true,"href":"https:\/\/grupotextil.es\/en\/wp-json\/wp\/v2\/product_tag?post=357990"}],"curies":[{"name":"wp","href":"https:\/\/api.w.org\/{rel}","templated":true}]}}