{"id":358048,"date":"2026-03-08T01:50:27","date_gmt":"2026-03-08T00:50:27","guid":{"rendered":"https:\/\/grupotextil.es\/producto\/camiseta-softstyle-ez-adulto\/"},"modified":"2026-03-08T01:50:27","modified_gmt":"2026-03-08T00:50:27","slug":"camiseta-softstyle-ez-adulto","status":"publish","type":"product","link":"https:\/\/grupotextil.es\/en\/product\/camiseta-softstyle-ez-adulto\/","title":{"rendered":"Camiseta Softstyle EZ adulto"},"content":{"rendered":"<ul>\n<li>153 g\/m\u00b2 (Whiteo: 144 g\/m\u00b2)<\/li>\n<li>100% Algod\u00f3n peinado ringspun<\/li>\n<li>Tejido de alta densidad, ofrece una superficie de impresi\u00f3n suave, ideal para DTG<\/li>\n<li>Lavado con enzimas<\/li>\n<li>Bio-polish pr\u00e1cticamente sin bolitas, lavado tras lavado<\/li>\n<li>Sin pespuntes, estrecho, cuello acanalado<\/li>\n<li>Cuello y hombros sellados para mayor comodidad y durabilidad<\/li>\n<li>Costuras laterales<\/li>\n<li>Etiqueta extra\u00edble color negro<\/li>\n<li>Ajuste cl\u00e1sico moderno<\/li>\n<\/ul>","protected":false},"excerpt":{"rendered":"<p>153 g\/m\u00b2 (Whiteo: 144 g\/m\u00b2)100% Algod\u00f3n peinado ringspunTejido de alta densidad, ofrece una superficie de impresi\u00f3n suave, ideal para DTGLavado con enzimasBio-polish pr\u00e1cticamente sin bolitas, lavado<\/p>","protected":false},"featured_media":409446,"comment_status":"open","ping_status":"closed","template":"","meta":{"_acf_changed":false},"product_brand":[11666],"product_cat":[13931,13977,13986,13974,13930,13975,13973],"product_tag":[],"class_list":{"0":"post-358048","1":"product","2":"type-product","3":"status-publish","4":"has-post-thumbnail","6":"product_brand-gildan","7":"product_cat-rl-alta-visibilidad","8":"product_cat-h-camisetas-manga-corta","9":"product_cat-m-camisetas-manga-corta","10":"product_cat-ropa-hombre","11":"product_cat-laboral","12":"product_cat-ropa-mujer","13":"product_cat-ropa","14":"tm-no-options","16":"first","17":"instock","18":"taxable","19":"shipping-taxable","20":"product-type-variable"},"acf":[],"_links":{"self":[{"href":"https:\/\/grupotextil.es\/en\/wp-json\/wp\/v2\/product\/358048","targetHints":{"allow":["GET"]}}],"collection":[{"href":"https:\/\/grupotextil.es\/en\/wp-json\/wp\/v2\/product"}],"about":[{"href":"https:\/\/grupotextil.es\/en\/wp-json\/wp\/v2\/types\/product"}],"replies":[{"embeddable":true,"href":"https:\/\/grupotextil.es\/en\/wp-json\/wp\/v2\/comments?post=358048"}],"wp:featuredmedia":[{"embeddable":true,"href":"https:\/\/grupotextil.es\/en\/wp-json\/wp\/v2\/media\/409446"}],"wp:attachment":[{"href":"https:\/\/grupotextil.es\/en\/wp-json\/wp\/v2\/media?parent=358048"}],"wp:term":[{"taxonomy":"product_brand","embeddable":true,"href":"https:\/\/grupotextil.es\/en\/wp-json\/wp\/v2\/product_brand?post=358048"},{"taxonomy":"product_cat","embeddable":true,"href":"https:\/\/grupotextil.es\/en\/wp-json\/wp\/v2\/product_cat?post=358048"},{"taxonomy":"product_tag","embeddable":true,"href":"https:\/\/grupotextil.es\/en\/wp-json\/wp\/v2\/product_tag?post=358048"}],"curies":[{"name":"wp","href":"https:\/\/api.w.org\/{rel}","templated":true}]}}