{"id":358139,"date":"2026-03-08T01:51:09","date_gmt":"2026-03-08T00:51:09","guid":{"rendered":"https:\/\/grupotextil.es\/producto\/gorra-tecnica-running\/"},"modified":"2026-03-08T01:51:09","modified_gmt":"2026-03-08T00:51:09","slug":"gorra-tecnica-running","status":"publish","type":"product","link":"https:\/\/grupotextil.es\/en\/product\/gorra-tecnica-running\/","title":{"rendered":"Cap t\u00e9cnica Running"},"content":{"rendered":"<ul>\n<li>100% poli\u00e9ster (75D)<\/li>\n<li>Ligera<\/li>\n<li>Secado r\u00e1pido, absorbe la humedad<\/li>\n<li>Ventilaci\u00f3n para una mayor transpirabilidad<\/li>\n<li>Banda para el sudor<\/li>\n<li>Ajustador con cinta el\u00e1stica<\/li>\n<li>Cierre con clip de perfil bajo<\/li>\n<li>Etiqueta TearAway para facilitar el cambio de marca<\/li>\n<\/ul>","protected":false},"excerpt":{"rendered":"<p>100% poli\u00e9ster (75D)LigeraSecado r\u00e1pido, absorbe la humedadVentilaci\u00f3n para una mayor transpirabilidadBanda para el sudorAjustador con cinta el\u00e1sticaCierre con clip de perfil bajoEtiqueta TearAway par<\/p>","protected":false},"featured_media":409464,"comment_status":"open","ping_status":"closed","template":"","meta":{"_acf_changed":false},"product_brand":[11655],"product_cat":[13931,13986,13977,13974,13930,13975,13973],"product_tag":[],"class_list":{"0":"post-358139","1":"product","2":"type-product","3":"status-publish","4":"has-post-thumbnail","6":"product_brand-beechfield","7":"product_cat-rl-alta-visibilidad","8":"product_cat-m-camisetas-manga-corta","9":"product_cat-h-camisetas-manga-corta","10":"product_cat-ropa-hombre","11":"product_cat-laboral","12":"product_cat-ropa-mujer","13":"product_cat-ropa","14":"tm-no-options","16":"first","17":"instock","18":"taxable","19":"shipping-taxable","20":"product-type-variable"},"acf":[],"_links":{"self":[{"href":"https:\/\/grupotextil.es\/en\/wp-json\/wp\/v2\/product\/358139","targetHints":{"allow":["GET"]}}],"collection":[{"href":"https:\/\/grupotextil.es\/en\/wp-json\/wp\/v2\/product"}],"about":[{"href":"https:\/\/grupotextil.es\/en\/wp-json\/wp\/v2\/types\/product"}],"replies":[{"embeddable":true,"href":"https:\/\/grupotextil.es\/en\/wp-json\/wp\/v2\/comments?post=358139"}],"wp:featuredmedia":[{"embeddable":true,"href":"https:\/\/grupotextil.es\/en\/wp-json\/wp\/v2\/media\/409464"}],"wp:attachment":[{"href":"https:\/\/grupotextil.es\/en\/wp-json\/wp\/v2\/media?parent=358139"}],"wp:term":[{"taxonomy":"product_brand","embeddable":true,"href":"https:\/\/grupotextil.es\/en\/wp-json\/wp\/v2\/product_brand?post=358139"},{"taxonomy":"product_cat","embeddable":true,"href":"https:\/\/grupotextil.es\/en\/wp-json\/wp\/v2\/product_cat?post=358139"},{"taxonomy":"product_tag","embeddable":true,"href":"https:\/\/grupotextil.es\/en\/wp-json\/wp\/v2\/product_tag?post=358139"}],"curies":[{"name":"wp","href":"https:\/\/api.w.org\/{rel}","templated":true}]}}