{"id":358146,"date":"2026-03-08T01:51:09","date_gmt":"2026-03-08T00:51:09","guid":{"rendered":"https:\/\/grupotextil.es\/producto\/camiseta-organica-pure-heavy-hombre\/"},"modified":"2026-03-08T01:51:09","modified_gmt":"2026-03-08T00:51:09","slug":"camiseta-organica-pure-heavy-hombre","status":"publish","type":"product","link":"https:\/\/grupotextil.es\/en\/product\/camiseta-organica-pure-heavy-hombre\/","title":{"rendered":"Camiseta org\u00e1nico Pure Heavy hombre"},"content":{"rendered":"<ul>\n<li>190 g\/m\u00b2<\/li>\n<li>100% algod\u00f3n org\u00e1nico peinado ringpsun<\/li>\n<li>Single Jersey<\/li>\n<li>Superficie lisa para mejores resultados de impresi\u00f3n<\/li>\n<li>Cuello fino con elastano y puntada unica<\/li>\n<li>Cinta de hombro a hombro<\/li>\n<li>Sin etiqueta<\/li>\n<li>Costuras laterales<\/li>\n<li>Ajuste moderno y actual<\/li>\n<\/ul>","protected":false},"excerpt":{"rendered":"<p>190 g\/m\u00b2100% algod\u00f3n org\u00e1nico peinado ringpsunSingle JerseySuperficie lisa para mejores resultados de impresi\u00f3nCuello fino con elastano y puntada unicaCinta de hombro a hombroSin etiquetaCosturas late<\/p>","protected":false},"featured_media":409494,"comment_status":"open","ping_status":"closed","template":"","meta":{"_acf_changed":false},"product_brand":[11670],"product_cat":[13931,13977,13986,13974,13930,13975,13973],"product_tag":[],"class_list":{"0":"post-358146","1":"product","2":"type-product","3":"status-publish","4":"has-post-thumbnail","6":"product_brand-russell-europe","7":"product_cat-rl-alta-visibilidad","8":"product_cat-h-camisetas-manga-corta","9":"product_cat-m-camisetas-manga-corta","10":"product_cat-ropa-hombre","11":"product_cat-laboral","12":"product_cat-ropa-mujer","13":"product_cat-ropa","14":"tm-no-options","16":"first","17":"instock","18":"taxable","19":"shipping-taxable","20":"product-type-variable"},"acf":[],"_links":{"self":[{"href":"https:\/\/grupotextil.es\/en\/wp-json\/wp\/v2\/product\/358146","targetHints":{"allow":["GET"]}}],"collection":[{"href":"https:\/\/grupotextil.es\/en\/wp-json\/wp\/v2\/product"}],"about":[{"href":"https:\/\/grupotextil.es\/en\/wp-json\/wp\/v2\/types\/product"}],"replies":[{"embeddable":true,"href":"https:\/\/grupotextil.es\/en\/wp-json\/wp\/v2\/comments?post=358146"}],"wp:featuredmedia":[{"embeddable":true,"href":"https:\/\/grupotextil.es\/en\/wp-json\/wp\/v2\/media\/409494"}],"wp:attachment":[{"href":"https:\/\/grupotextil.es\/en\/wp-json\/wp\/v2\/media?parent=358146"}],"wp:term":[{"taxonomy":"product_brand","embeddable":true,"href":"https:\/\/grupotextil.es\/en\/wp-json\/wp\/v2\/product_brand?post=358146"},{"taxonomy":"product_cat","embeddable":true,"href":"https:\/\/grupotextil.es\/en\/wp-json\/wp\/v2\/product_cat?post=358146"},{"taxonomy":"product_tag","embeddable":true,"href":"https:\/\/grupotextil.es\/en\/wp-json\/wp\/v2\/product_tag?post=358146"}],"curies":[{"name":"wp","href":"https:\/\/api.w.org\/{rel}","templated":true}]}}