{"id":358348,"date":"2026-03-08T01:52:02","date_gmt":"2026-03-08T00:52:02","guid":{"rendered":"https:\/\/grupotextil.es\/producto\/camiseta-original-145-gro\/"},"modified":"2026-03-08T01:52:02","modified_gmt":"2026-03-08T00:52:02","slug":"camiseta-original-145-gro","status":"publish","type":"product","link":"https:\/\/grupotextil.es\/en\/product\/camiseta-original-145-gro\/","title":{"rendered":"T-Shirt Original 145 gr\u00ba"},"content":{"rendered":"<ul>\n<li>145 g\/m\u00b2 (White: 135 g\/m\u00b2)<\/li>\n<li>100% algod\u00f3n, masclado cinza: 97% algod\u00f3n, 3% poli\u00e9ster<\/li>\n<li>Cuello encintado<\/li>\n<li>Costura doble en el cuello<\/li>\n<li>Costura en bajo de manga y dobladillo<\/li>\n<li>Tejido tubular pre-encogido para mantener la forma<\/li>\n<li>Punto fino para mejorar la impresi\u00f3n<\/li>\n<li>Ca\u00edda amplia<\/li>\n<\/ul>","protected":false},"excerpt":{"rendered":"<p>145 g\/m\u00b2 (White: 135 g\/m\u00b2)100% algod\u00f3n, masclado cinza: 97% algod\u00f3n, 3% poli\u00e9sterCuello encintadoCostura doble en el cuelloCostura en bajo de manga y dobladilloTejido tubular pre-encogido para mantene<\/p>","protected":false},"featured_media":409648,"comment_status":"open","ping_status":"closed","template":"","meta":{"_acf_changed":false},"product_brand":[11665],"product_cat":[13948,13931,13977,13986,13974,13930,13975,13973],"product_tag":[14009],"class_list":{"0":"post-358348","1":"product","2":"type-product","3":"status-publish","4":"has-post-thumbnail","6":"product_brand-fruit-of-the-loom","7":"product_cat-accesorios","8":"product_cat-rl-alta-visibilidad","9":"product_cat-h-camisetas-manga-corta","10":"product_cat-m-camisetas-manga-corta","11":"product_cat-ropa-hombre","12":"product_cat-laboral","13":"product_cat-ropa-mujer","14":"product_cat-ropa","15":"product_tag-top-ventas","16":"tm-no-options","18":"first","19":"instock","20":"taxable","21":"shipping-taxable","22":"product-type-variable"},"acf":[],"_links":{"self":[{"href":"https:\/\/grupotextil.es\/en\/wp-json\/wp\/v2\/product\/358348","targetHints":{"allow":["GET"]}}],"collection":[{"href":"https:\/\/grupotextil.es\/en\/wp-json\/wp\/v2\/product"}],"about":[{"href":"https:\/\/grupotextil.es\/en\/wp-json\/wp\/v2\/types\/product"}],"replies":[{"embeddable":true,"href":"https:\/\/grupotextil.es\/en\/wp-json\/wp\/v2\/comments?post=358348"}],"wp:featuredmedia":[{"embeddable":true,"href":"https:\/\/grupotextil.es\/en\/wp-json\/wp\/v2\/media\/409648"}],"wp:attachment":[{"href":"https:\/\/grupotextil.es\/en\/wp-json\/wp\/v2\/media?parent=358348"}],"wp:term":[{"taxonomy":"product_brand","embeddable":true,"href":"https:\/\/grupotextil.es\/en\/wp-json\/wp\/v2\/product_brand?post=358348"},{"taxonomy":"product_cat","embeddable":true,"href":"https:\/\/grupotextil.es\/en\/wp-json\/wp\/v2\/product_cat?post=358348"},{"taxonomy":"product_tag","embeddable":true,"href":"https:\/\/grupotextil.es\/en\/wp-json\/wp\/v2\/product_tag?post=358348"}],"curies":[{"name":"wp","href":"https:\/\/api.w.org\/{rel}","templated":true}]}}