{"id":358491,"date":"2026-03-08T01:52:07","date_gmt":"2026-03-08T00:52:07","guid":{"rendered":"https:\/\/grupotextil.es\/producto\/camiseta-softstyle-mujer\/"},"modified":"2026-03-08T01:52:07","modified_gmt":"2026-03-08T00:52:07","slug":"camiseta-softstyle-mujer","status":"publish","type":"product","link":"https:\/\/grupotextil.es\/en\/product\/camiseta-softstyle-mujer\/","title":{"rendered":"Camiseta Softstyle mujer"},"content":{"rendered":"<ul>\n<li>153 g\/m\u00b2 (White:144 g\/m\u00b2)<\/li>\n<li>100% algod\u00f3n ring-spun<\/li>\n<li>(Sport Grey y colores Antique: 90% algod\u00f3n, 10% poli\u00e9ster; colores Heather: 35% algod\u00f3n, 65% poli\u00e9ster)<\/li>\n<li>Tejido de alta densidad, superficie de impresi\u00f3n suave<\/li>\n<li>Encintado en cuello y hombros<\/li>\n<li>Sin pespuntes, cuello acanalado<\/li>\n<li>Doble costura en cuello, mangas y dobladillo inferior<\/li>\n<li>Costuras laterales<\/li>\n<li>Etiqueta extra\u00edble<\/li>\n<li>Semiajustado<\/li>\n<\/ul>","protected":false},"excerpt":{"rendered":"<p>153 g\/m\u00b2 (White:144 g\/m\u00b2)100% algod\u00f3n ring-spun(Sport Grey y colores Antique: 90% algod\u00f3n, 10% poli\u00e9ster; colores Heather: 35% algod\u00f3n, 65% poli\u00e9ster)Tejido de alta densidad, superficie de impresi\u00f3n s<\/p>","protected":false},"featured_media":409696,"comment_status":"open","ping_status":"closed","template":"","meta":{"_acf_changed":false},"product_brand":[11666],"product_cat":[13948,13931,13986,13977,13974,13930,13975,13973],"product_tag":[],"class_list":{"0":"post-358491","1":"product","2":"type-product","3":"status-publish","4":"has-post-thumbnail","6":"product_brand-gildan","7":"product_cat-accesorios","8":"product_cat-rl-alta-visibilidad","9":"product_cat-m-camisetas-manga-corta","10":"product_cat-h-camisetas-manga-corta","11":"product_cat-ropa-hombre","12":"product_cat-laboral","13":"product_cat-ropa-mujer","14":"product_cat-ropa","15":"tm-no-options","17":"first","18":"instock","19":"taxable","20":"shipping-taxable","21":"product-type-variable"},"acf":[],"_links":{"self":[{"href":"https:\/\/grupotextil.es\/en\/wp-json\/wp\/v2\/product\/358491","targetHints":{"allow":["GET"]}}],"collection":[{"href":"https:\/\/grupotextil.es\/en\/wp-json\/wp\/v2\/product"}],"about":[{"href":"https:\/\/grupotextil.es\/en\/wp-json\/wp\/v2\/types\/product"}],"replies":[{"embeddable":true,"href":"https:\/\/grupotextil.es\/en\/wp-json\/wp\/v2\/comments?post=358491"}],"wp:featuredmedia":[{"embeddable":true,"href":"https:\/\/grupotextil.es\/en\/wp-json\/wp\/v2\/media\/409696"}],"wp:attachment":[{"href":"https:\/\/grupotextil.es\/en\/wp-json\/wp\/v2\/media?parent=358491"}],"wp:term":[{"taxonomy":"product_brand","embeddable":true,"href":"https:\/\/grupotextil.es\/en\/wp-json\/wp\/v2\/product_brand?post=358491"},{"taxonomy":"product_cat","embeddable":true,"href":"https:\/\/grupotextil.es\/en\/wp-json\/wp\/v2\/product_cat?post=358491"},{"taxonomy":"product_tag","embeddable":true,"href":"https:\/\/grupotextil.es\/en\/wp-json\/wp\/v2\/product_tag?post=358491"}],"curies":[{"name":"wp","href":"https:\/\/api.w.org\/{rel}","templated":true}]}}