{"id":358668,"date":"2026-03-08T01:52:45","date_gmt":"2026-03-08T00:52:45","guid":{"rendered":"https:\/\/grupotextil.es\/producto\/gorra-trucker-de-5-paneles-applique-patch\/"},"modified":"2026-03-08T01:52:45","modified_gmt":"2026-03-08T00:52:45","slug":"gorra-trucker-de-5-paneles-applique-patch","status":"publish","type":"product","link":"https:\/\/grupotextil.es\/en\/product\/gorra-trucker-de-5-paneles-applique-patch\/","title":{"rendered":"Cap Trucker de 5 Panel Appliqu\u00e9 Patch"},"content":{"rendered":"<ul>\n<li>195 g\/m\u00b2<\/li>\n<li>Panel frontal y visera 100 % algod\u00f3n<\/li>\n<li>Paneles traseros de malla 100 % poli\u00e9ster (reciclado)<\/li>\n<li>Dise\u00f1o de 5 paneles<\/li>\n<li>Pico curvado<\/li>\n<li>Estilo con colores contrastantes<\/li>\n<li>Parche de sarga de algod\u00f3n para decoraci\u00f3n<\/li>\n<li>Ajustador de tama\u00f1o de snapback<\/li>\n<li>etiqueta extra\u00edble para facilitar el cambio de marca<\/li>\n<li>Max. \u00e1rea de impresi\u00f3n: 6,5 x 6,5 cm<\/li>\n<\/ul>","protected":false},"excerpt":{"rendered":"<p>195 g\/m\u00b2Panel frontal y visera 100 % algod\u00f3nPaneles traseros de malla 100 % poli\u00e9ster (reciclado)Dise\u00f1o de 5 panelesPico curvadoEstilo con colores contrastantesParche de sarga de algod\u00f3n para decor&#8230;<\/p>","protected":false},"featured_media":409766,"comment_status":"open","ping_status":"closed","template":"","meta":{"_acf_changed":false},"product_brand":[11655],"product_cat":[13948,13931,13986,13977,13974,13930,13975,13973],"product_tag":[],"class_list":{"0":"post-358668","1":"product","2":"type-product","3":"status-publish","4":"has-post-thumbnail","6":"product_brand-beechfield","7":"product_cat-accesorios","8":"product_cat-rl-alta-visibilidad","9":"product_cat-m-camisetas-manga-corta","10":"product_cat-h-camisetas-manga-corta","11":"product_cat-ropa-hombre","12":"product_cat-laboral","13":"product_cat-ropa-mujer","14":"product_cat-ropa","15":"tm-no-options","17":"first","18":"instock","19":"taxable","20":"shipping-taxable","21":"product-type-variable"},"acf":[],"_links":{"self":[{"href":"https:\/\/grupotextil.es\/en\/wp-json\/wp\/v2\/product\/358668","targetHints":{"allow":["GET"]}}],"collection":[{"href":"https:\/\/grupotextil.es\/en\/wp-json\/wp\/v2\/product"}],"about":[{"href":"https:\/\/grupotextil.es\/en\/wp-json\/wp\/v2\/types\/product"}],"replies":[{"embeddable":true,"href":"https:\/\/grupotextil.es\/en\/wp-json\/wp\/v2\/comments?post=358668"}],"wp:featuredmedia":[{"embeddable":true,"href":"https:\/\/grupotextil.es\/en\/wp-json\/wp\/v2\/media\/409766"}],"wp:attachment":[{"href":"https:\/\/grupotextil.es\/en\/wp-json\/wp\/v2\/media?parent=358668"}],"wp:term":[{"taxonomy":"product_brand","embeddable":true,"href":"https:\/\/grupotextil.es\/en\/wp-json\/wp\/v2\/product_brand?post=358668"},{"taxonomy":"product_cat","embeddable":true,"href":"https:\/\/grupotextil.es\/en\/wp-json\/wp\/v2\/product_cat?post=358668"},{"taxonomy":"product_tag","embeddable":true,"href":"https:\/\/grupotextil.es\/en\/wp-json\/wp\/v2\/product_tag?post=358668"}],"curies":[{"name":"wp","href":"https:\/\/api.w.org\/{rel}","templated":true}]}}