{"id":358678,"date":"2026-03-08T01:52:47","date_gmt":"2026-03-08T00:52:47","guid":{"rendered":"https:\/\/grupotextil.es\/producto\/camiseta-valueweight-corte-femenino\/"},"modified":"2026-03-08T01:52:47","modified_gmt":"2026-03-08T00:52:47","slug":"camiseta-valueweight-corte-femenino","status":"publish","type":"product","link":"https:\/\/grupotextil.es\/en\/product\/camiseta-valueweight-corte-femenino\/","title":{"rendered":"T-Shirt Valueweight corte femenino"},"content":{"rendered":"<ul>\n<li>165 g\/m\u00b2 (White: 160 g\/m\u00b2)<\/li>\n<li>100% algod\u00f3n (Heather Grey: 97% algod\u00f3n, 3% poli\u00e9ster)<\/li>\n<li>Cuello femenino favorecedor<\/li>\n<li>Cuello encintado en canal\u00e9 de algod\u00f3n\/elastano<\/li>\n<li>Costuras laterales con forma para un corte femenino<\/li>\n<li>Punto fino para mejorar la impresi\u00f3n<\/li>\n<\/ul>","protected":false},"excerpt":{"rendered":"<p>165 g\/m\u00b2 (White: 160 g\/m\u00b2)100% algod\u00f3n (Heather Grey: 97% algod\u00f3n, 3% poli\u00e9ster)Cuello femenino favorecedorCuello encintado en canal\u00e9 de algod\u00f3n\/elastanoCosturas laterales con forma para un corte feme<\/p>","protected":false},"featured_media":409799,"comment_status":"open","ping_status":"closed","template":"","meta":{"_acf_changed":false},"product_brand":[11665],"product_cat":[13948,13931,13986,13977,13974,13930,13975,13973],"product_tag":[14009],"class_list":{"0":"post-358678","1":"product","2":"type-product","3":"status-publish","4":"has-post-thumbnail","6":"product_brand-fruit-of-the-loom","7":"product_cat-accesorios","8":"product_cat-rl-alta-visibilidad","9":"product_cat-m-camisetas-manga-corta","10":"product_cat-h-camisetas-manga-corta","11":"product_cat-ropa-hombre","12":"product_cat-laboral","13":"product_cat-ropa-mujer","14":"product_cat-ropa","15":"product_tag-top-ventas","16":"tm-no-options","18":"first","19":"instock","20":"taxable","21":"shipping-taxable","22":"product-type-variable"},"acf":[],"_links":{"self":[{"href":"https:\/\/grupotextil.es\/en\/wp-json\/wp\/v2\/product\/358678","targetHints":{"allow":["GET"]}}],"collection":[{"href":"https:\/\/grupotextil.es\/en\/wp-json\/wp\/v2\/product"}],"about":[{"href":"https:\/\/grupotextil.es\/en\/wp-json\/wp\/v2\/types\/product"}],"replies":[{"embeddable":true,"href":"https:\/\/grupotextil.es\/en\/wp-json\/wp\/v2\/comments?post=358678"}],"wp:featuredmedia":[{"embeddable":true,"href":"https:\/\/grupotextil.es\/en\/wp-json\/wp\/v2\/media\/409799"}],"wp:attachment":[{"href":"https:\/\/grupotextil.es\/en\/wp-json\/wp\/v2\/media?parent=358678"}],"wp:term":[{"taxonomy":"product_brand","embeddable":true,"href":"https:\/\/grupotextil.es\/en\/wp-json\/wp\/v2\/product_brand?post=358678"},{"taxonomy":"product_cat","embeddable":true,"href":"https:\/\/grupotextil.es\/en\/wp-json\/wp\/v2\/product_cat?post=358678"},{"taxonomy":"product_tag","embeddable":true,"href":"https:\/\/grupotextil.es\/en\/wp-json\/wp\/v2\/product_tag?post=358678"}],"curies":[{"name":"wp","href":"https:\/\/api.w.org\/{rel}","templated":true}]}}