{"id":358891,"date":"2026-03-08T01:53:09","date_gmt":"2026-03-08T00:53:09","guid":{"rendered":"https:\/\/grupotextil.es\/producto\/gorra-trucker-vintage-de-6-paneles\/"},"modified":"2026-03-08T01:53:09","modified_gmt":"2026-03-08T00:53:09","slug":"gorra-trucker-vintage-de-6-paneles","status":"publish","type":"product","link":"https:\/\/grupotextil.es\/en\/product\/gorra-trucker-vintage-de-6-paneles\/","title":{"rendered":"Cap Trucker Vintage de 6 Panel"},"content":{"rendered":"<ul>\n<li>290 g\/m\u00b2<\/li>\n<li>100% algod\u00f3n lavado pesado<\/li>\n<li>Paneles traseros de malla 100 % poli\u00e9ster (reciclado)<\/li>\n<li>Dise\u00f1o de 6 paneles de perfil medio<\/li>\n<li>Corona blanda no estructurada<\/li>\n<li>Pico curvado<\/li>\n<li>Estilo vintage<\/li>\n<li>Color de puntada en contraste<\/li>\n<li>Ajustador de tama\u00f1o de snapback<\/li>\n<li>etiqueta extra\u00edble para facilitar el cambio de marca<\/li>\n<\/ul>","protected":false},"excerpt":{"rendered":"<p>290 g\/m\u00b2100% algod\u00f3n lavado pesadoPaneles traseros de malla 100 % poli\u00e9ster (reciclado)Dise\u00f1o de 6 paneles de perfil medioCorona blanda no estructuradaPico curvadoEstilo vintageColor de puntada en con<\/p>","protected":false},"featured_media":409829,"comment_status":"open","ping_status":"closed","template":"","meta":{"_acf_changed":false},"product_brand":[11655],"product_cat":[13948,13931,13977,13986,13974,13930,13975,13973],"product_tag":[],"class_list":{"0":"post-358891","1":"product","2":"type-product","3":"status-publish","4":"has-post-thumbnail","6":"product_brand-beechfield","7":"product_cat-accesorios","8":"product_cat-rl-alta-visibilidad","9":"product_cat-h-camisetas-manga-corta","10":"product_cat-m-camisetas-manga-corta","11":"product_cat-ropa-hombre","12":"product_cat-laboral","13":"product_cat-ropa-mujer","14":"product_cat-ropa","15":"tm-no-options","17":"first","18":"instock","19":"taxable","20":"shipping-taxable","21":"product-type-variable"},"acf":[],"_links":{"self":[{"href":"https:\/\/grupotextil.es\/en\/wp-json\/wp\/v2\/product\/358891","targetHints":{"allow":["GET"]}}],"collection":[{"href":"https:\/\/grupotextil.es\/en\/wp-json\/wp\/v2\/product"}],"about":[{"href":"https:\/\/grupotextil.es\/en\/wp-json\/wp\/v2\/types\/product"}],"replies":[{"embeddable":true,"href":"https:\/\/grupotextil.es\/en\/wp-json\/wp\/v2\/comments?post=358891"}],"wp:featuredmedia":[{"embeddable":true,"href":"https:\/\/grupotextil.es\/en\/wp-json\/wp\/v2\/media\/409829"}],"wp:attachment":[{"href":"https:\/\/grupotextil.es\/en\/wp-json\/wp\/v2\/media?parent=358891"}],"wp:term":[{"taxonomy":"product_brand","embeddable":true,"href":"https:\/\/grupotextil.es\/en\/wp-json\/wp\/v2\/product_brand?post=358891"},{"taxonomy":"product_cat","embeddable":true,"href":"https:\/\/grupotextil.es\/en\/wp-json\/wp\/v2\/product_cat?post=358891"},{"taxonomy":"product_tag","embeddable":true,"href":"https:\/\/grupotextil.es\/en\/wp-json\/wp\/v2\/product_tag?post=358891"}],"curies":[{"name":"wp","href":"https:\/\/api.w.org\/{rel}","templated":true}]}}