{"id":358999,"date":"2026-03-08T01:53:26","date_gmt":"2026-03-08T00:53:26","guid":{"rendered":"https:\/\/grupotextil.es\/producto\/gorra-baseball-cord-earthaware-organica\/"},"modified":"2026-03-08T01:53:26","modified_gmt":"2026-03-08T00:53:26","slug":"gorra-baseball-cord-earthaware-organica","status":"publish","type":"product","link":"https:\/\/grupotextil.es\/en\/product\/gorra-baseball-cord-earthaware-organica\/","title":{"rendered":"Cap Baseball Cord EarthAware\u00ae org\u00e1nico"},"content":{"rendered":"<ul>\n<li>Pana 100 % algod\u00f3n (org\u00e1nica)<\/li>\n<li>Contiene 100% algod\u00f3n org\u00e1nico certificado.<\/li>\n<li>Banda para el sudor de sarga de algod\u00f3n<\/li>\n<li>Dise\u00f1o de 6 paneles<\/li>\n<li>Perfil medio<\/li>\n<li>Pico curvado<\/li>\n<li>Estilo patrimonial<\/li>\n<li>Paneles frontales estructurados<\/li>\n<li>Ojales de ventilaci\u00f3n cosidos<\/li>\n<li>Correa de tela propia con hebilla de triple deslizamiento<\/li>\n<li>etiqueta extra\u00edble para facilitar el cambio de marca<\/li>\n<\/ul>","protected":false},"excerpt":{"rendered":"<p>Pana 100 % algod\u00f3n (org\u00e1nica)Contiene 100% algod\u00f3n org\u00e1nico certificado.<\/p>","protected":false},"featured_media":409875,"comment_status":"open","ping_status":"closed","template":"","meta":{"_acf_changed":false},"product_brand":[11655],"product_cat":[13948,13931,13977,13986,13974,13930,13975,13973],"product_tag":[],"class_list":{"0":"post-358999","1":"product","2":"type-product","3":"status-publish","4":"has-post-thumbnail","6":"product_brand-beechfield","7":"product_cat-accesorios","8":"product_cat-rl-alta-visibilidad","9":"product_cat-h-camisetas-manga-corta","10":"product_cat-m-camisetas-manga-corta","11":"product_cat-ropa-hombre","12":"product_cat-laboral","13":"product_cat-ropa-mujer","14":"product_cat-ropa","15":"tm-no-options","17":"first","18":"instock","19":"taxable","20":"shipping-taxable","21":"product-type-variable"},"acf":[],"_links":{"self":[{"href":"https:\/\/grupotextil.es\/en\/wp-json\/wp\/v2\/product\/358999","targetHints":{"allow":["GET"]}}],"collection":[{"href":"https:\/\/grupotextil.es\/en\/wp-json\/wp\/v2\/product"}],"about":[{"href":"https:\/\/grupotextil.es\/en\/wp-json\/wp\/v2\/types\/product"}],"replies":[{"embeddable":true,"href":"https:\/\/grupotextil.es\/en\/wp-json\/wp\/v2\/comments?post=358999"}],"wp:featuredmedia":[{"embeddable":true,"href":"https:\/\/grupotextil.es\/en\/wp-json\/wp\/v2\/media\/409875"}],"wp:attachment":[{"href":"https:\/\/grupotextil.es\/en\/wp-json\/wp\/v2\/media?parent=358999"}],"wp:term":[{"taxonomy":"product_brand","embeddable":true,"href":"https:\/\/grupotextil.es\/en\/wp-json\/wp\/v2\/product_brand?post=358999"},{"taxonomy":"product_cat","embeddable":true,"href":"https:\/\/grupotextil.es\/en\/wp-json\/wp\/v2\/product_cat?post=358999"},{"taxonomy":"product_tag","embeddable":true,"href":"https:\/\/grupotextil.es\/en\/wp-json\/wp\/v2\/product_tag?post=358999"}],"curies":[{"name":"wp","href":"https:\/\/api.w.org\/{rel}","templated":true}]}}