{"id":359189,"date":"2026-03-08T01:54:06","date_gmt":"2026-03-08T00:54:06","guid":{"rendered":"https:\/\/grupotextil.es\/producto\/camiseta-triblend-135gr-manga-corta-unisex\/"},"modified":"2026-03-08T01:54:06","modified_gmt":"2026-03-08T00:54:06","slug":"camiseta-triblend-135gr-manga-corta-unisex","status":"publish","type":"product","link":"https:\/\/grupotextil.es\/en\/product\/camiseta-triblend-135gr-manga-corta-unisex\/","title":{"rendered":"Camiseta triblend 135gr manga corta unisex"},"content":{"rendered":"<ul>\n<li>128 g\/m\u00b2<\/li>\n<li>50% poli\u00e9ster, 25% algod\u00f3n peinado ring-spun, 25% viscosa<\/li>\n<li>Cuello redondo<\/li>\n<li>Manga corta<\/li>\n<li>Combinaci\u00f3n de tejidos \u00fanica<\/li>\n<li>Costuras laterales<\/li>\n<li>Entallado<\/li>\n<\/ul>","protected":false},"excerpt":{"rendered":"<p>128 g\/m\u00b250% poli\u00e9ster, 25% algod\u00f3n peinado ring-spun, 25% viscosaCuello redondoManga cortaCombinaci\u00f3n de tejidos \u00fanicaCosturas lateralesEntallado<\/p>","protected":false},"featured_media":409964,"comment_status":"open","ping_status":"closed","template":"","meta":{"_acf_changed":false},"product_brand":[11667],"product_cat":[13948,13931,13977,13986,13974,13930,13975,13973],"product_tag":[14009],"class_list":{"0":"post-359189","1":"product","2":"type-product","3":"status-publish","4":"has-post-thumbnail","6":"product_brand-bella","7":"product_cat-accesorios","8":"product_cat-rl-alta-visibilidad","9":"product_cat-h-camisetas-manga-corta","10":"product_cat-m-camisetas-manga-corta","11":"product_cat-ropa-hombre","12":"product_cat-laboral","13":"product_cat-ropa-mujer","14":"product_cat-ropa","15":"product_tag-top-ventas","16":"tm-no-options","18":"first","19":"instock","20":"taxable","21":"shipping-taxable","22":"product-type-variable"},"acf":[],"_links":{"self":[{"href":"https:\/\/grupotextil.es\/en\/wp-json\/wp\/v2\/product\/359189","targetHints":{"allow":["GET"]}}],"collection":[{"href":"https:\/\/grupotextil.es\/en\/wp-json\/wp\/v2\/product"}],"about":[{"href":"https:\/\/grupotextil.es\/en\/wp-json\/wp\/v2\/types\/product"}],"replies":[{"embeddable":true,"href":"https:\/\/grupotextil.es\/en\/wp-json\/wp\/v2\/comments?post=359189"}],"wp:featuredmedia":[{"embeddable":true,"href":"https:\/\/grupotextil.es\/en\/wp-json\/wp\/v2\/media\/409964"}],"wp:attachment":[{"href":"https:\/\/grupotextil.es\/en\/wp-json\/wp\/v2\/media?parent=359189"}],"wp:term":[{"taxonomy":"product_brand","embeddable":true,"href":"https:\/\/grupotextil.es\/en\/wp-json\/wp\/v2\/product_brand?post=359189"},{"taxonomy":"product_cat","embeddable":true,"href":"https:\/\/grupotextil.es\/en\/wp-json\/wp\/v2\/product_cat?post=359189"},{"taxonomy":"product_tag","embeddable":true,"href":"https:\/\/grupotextil.es\/en\/wp-json\/wp\/v2\/product_tag?post=359189"}],"curies":[{"name":"wp","href":"https:\/\/api.w.org\/{rel}","templated":true}]}}