{"id":359406,"date":"2026-03-08T01:54:33","date_gmt":"2026-03-08T00:54:33","guid":{"rendered":"https:\/\/grupotextil.es\/producto\/camiseta-iconic-cuello-v-150-hombre\/"},"modified":"2026-03-08T01:54:33","modified_gmt":"2026-03-08T00:54:33","slug":"camiseta-iconic-cuello-v-150-hombre","status":"publish","type":"product","link":"https:\/\/grupotextil.es\/en\/product\/camiseta-iconic-cuello-v-150-hombre\/","title":{"rendered":"Camiseta Iconic cuello V 150 hombre"},"content":{"rendered":"<ul>\n<li>150 g\/m\u00b2 (White: 140 g\/m\u00b2)<\/li>\n<li>100% algod\u00f3n ring spun y peinado<\/li>\n<li>Heather Grey: 97% algod\u00f3n, 3% poli\u00e9ster<\/li>\n<li>Tacto suave<\/li>\n<li>Cuello encintado del mismo tejido<\/li>\n<li>Cuello V en canal\u00e9 1&#215;1<\/li>\n<li>Etiqueta extra\u00edble<\/li>\n<li>Corte ajustado fashion<\/li>\n<\/ul>","protected":false},"excerpt":{"rendered":"<p>150 g\/m\u00b2 (White: 140 g\/m\u00b2)100% algod\u00f3n ring spun y peinadoHeather Grey: 97% algod\u00f3n, 3% poli\u00e9sterTacto suaveCuello encintado del mismo tejidoCuello V en canal\u00e9 1x1Etiqueta extra\u00edbleCorte ajustado fash<\/p>","protected":false},"featured_media":410028,"comment_status":"open","ping_status":"closed","template":"","meta":{"_acf_changed":false},"product_brand":[11665],"product_cat":[13948,13931,13986,13977,13974,13930,13975,13973],"product_tag":[],"class_list":{"0":"post-359406","1":"product","2":"type-product","3":"status-publish","4":"has-post-thumbnail","6":"product_brand-fruit-of-the-loom","7":"product_cat-accesorios","8":"product_cat-rl-alta-visibilidad","9":"product_cat-m-camisetas-manga-corta","10":"product_cat-h-camisetas-manga-corta","11":"product_cat-ropa-hombre","12":"product_cat-laboral","13":"product_cat-ropa-mujer","14":"product_cat-ropa","15":"tm-no-options","17":"first","18":"instock","19":"taxable","20":"shipping-taxable","21":"product-type-variable"},"acf":[],"_links":{"self":[{"href":"https:\/\/grupotextil.es\/en\/wp-json\/wp\/v2\/product\/359406","targetHints":{"allow":["GET"]}}],"collection":[{"href":"https:\/\/grupotextil.es\/en\/wp-json\/wp\/v2\/product"}],"about":[{"href":"https:\/\/grupotextil.es\/en\/wp-json\/wp\/v2\/types\/product"}],"replies":[{"embeddable":true,"href":"https:\/\/grupotextil.es\/en\/wp-json\/wp\/v2\/comments?post=359406"}],"wp:featuredmedia":[{"embeddable":true,"href":"https:\/\/grupotextil.es\/en\/wp-json\/wp\/v2\/media\/410028"}],"wp:attachment":[{"href":"https:\/\/grupotextil.es\/en\/wp-json\/wp\/v2\/media?parent=359406"}],"wp:term":[{"taxonomy":"product_brand","embeddable":true,"href":"https:\/\/grupotextil.es\/en\/wp-json\/wp\/v2\/product_brand?post=359406"},{"taxonomy":"product_cat","embeddable":true,"href":"https:\/\/grupotextil.es\/en\/wp-json\/wp\/v2\/product_cat?post=359406"},{"taxonomy":"product_tag","embeddable":true,"href":"https:\/\/grupotextil.es\/en\/wp-json\/wp\/v2\/product_tag?post=359406"}],"curies":[{"name":"wp","href":"https:\/\/api.w.org\/{rel}","templated":true}]}}