{"id":359716,"date":"2026-03-08T01:55:08","date_gmt":"2026-03-08T00:55:08","guid":{"rendered":"https:\/\/grupotextil.es\/producto\/gorro-streetlite-reflectante\/"},"modified":"2026-03-08T01:55:08","modified_gmt":"2026-03-08T00:55:08","slug":"gorro-streetlite-reflectante","status":"publish","type":"product","link":"https:\/\/grupotextil.es\/en\/product\/gorro-streetlite-reflectante\/","title":{"rendered":"Beanie streetlite reflectante"},"content":{"rendered":"<ul>\n<li>100 % poli\u00e9ster reciclado certificado GRS<\/li>\n<li>Tejido ligero y transpirable<\/li>\n<li>Fibras altamente reflectantes<\/li>\n<li>Estilo de g\u00e9nero neutro<\/li>\n<li>Punto de doble capa<\/li>\n<li>Corona dise\u00f1ada para m\u00e1xima comodidad<\/li>\n<li>Dise\u00f1o con vuelta para una personalizaci\u00f3n \u00f3ptima<\/li>\n<li>Etiqueta extra\u00edble para facilitar el cambio de marca.<\/li>\n<\/ul>","protected":false},"excerpt":{"rendered":"<p>100 % poli\u00e9ster reciclado certificado GRSTejido ligero y transpirableFibras altamente reflectantesEstilo de g\u00e9nero neutroPunto de doble capaCorona dise\u00f1ada para m\u00e1xima comodidadDise\u00f1o con vuelta pa&#8230;<\/p>","protected":false},"featured_media":410162,"comment_status":"open","ping_status":"closed","template":"","meta":{"_acf_changed":false},"product_brand":[11655],"product_cat":[13948,13931,13977,13986,13974,13930,13975,13973],"product_tag":[14010],"class_list":{"0":"post-359716","1":"product","2":"type-product","3":"status-publish","4":"has-post-thumbnail","6":"product_brand-beechfield","7":"product_cat-accesorios","8":"product_cat-rl-alta-visibilidad","9":"product_cat-h-camisetas-manga-corta","10":"product_cat-m-camisetas-manga-corta","11":"product_cat-ropa-hombre","12":"product_cat-laboral","13":"product_cat-ropa-mujer","14":"product_cat-ropa","15":"product_tag-nuevo-2026","16":"tm-no-options","18":"first","19":"instock","20":"taxable","21":"shipping-taxable","22":"product-type-variable"},"acf":[],"_links":{"self":[{"href":"https:\/\/grupotextil.es\/en\/wp-json\/wp\/v2\/product\/359716","targetHints":{"allow":["GET"]}}],"collection":[{"href":"https:\/\/grupotextil.es\/en\/wp-json\/wp\/v2\/product"}],"about":[{"href":"https:\/\/grupotextil.es\/en\/wp-json\/wp\/v2\/types\/product"}],"replies":[{"embeddable":true,"href":"https:\/\/grupotextil.es\/en\/wp-json\/wp\/v2\/comments?post=359716"}],"wp:featuredmedia":[{"embeddable":true,"href":"https:\/\/grupotextil.es\/en\/wp-json\/wp\/v2\/media\/410162"}],"wp:attachment":[{"href":"https:\/\/grupotextil.es\/en\/wp-json\/wp\/v2\/media?parent=359716"}],"wp:term":[{"taxonomy":"product_brand","embeddable":true,"href":"https:\/\/grupotextil.es\/en\/wp-json\/wp\/v2\/product_brand?post=359716"},{"taxonomy":"product_cat","embeddable":true,"href":"https:\/\/grupotextil.es\/en\/wp-json\/wp\/v2\/product_cat?post=359716"},{"taxonomy":"product_tag","embeddable":true,"href":"https:\/\/grupotextil.es\/en\/wp-json\/wp\/v2\/product_tag?post=359716"}],"curies":[{"name":"wp","href":"https:\/\/api.w.org\/{rel}","templated":true}]}}