{"id":360510,"date":"2026-03-08T01:57:50","date_gmt":"2026-03-08T00:57:50","guid":{"rendered":"https:\/\/grupotextil.es\/producto\/gorro-bebe-organico-con-orejitas\/"},"modified":"2026-03-08T01:57:50","modified_gmt":"2026-03-08T00:57:50","slug":"gorro-bebe-organico-con-orejitas","status":"publish","type":"product","link":"https:\/\/grupotextil.es\/en\/product\/gorro-bebe-organico-con-orejitas\/","title":{"rendered":"Beanie beb\u00e9 org\u00e1nico con orejitas"},"content":{"rendered":"<ul>\n<li>100 % algod\u00f3n de cultivo org\u00e1nico con certificaci\u00f3n OCS<\/li>\n<li>Punto acanalado<\/li>\n<li>Punto de una sola capa<\/li>\n<li>Detalle de orejas en 3D<\/li>\n<li>Corona dise\u00f1ada para m\u00e1xima comodidad<\/li>\n<li>Dise\u00f1o con vuelta para una personalizaci\u00f3n \u00f3ptima<\/li>\n<li>Etiqueta extra\u00edble para facilitar el cambio de marca.<\/li>\n<\/ul>","protected":false},"excerpt":{"rendered":"<p>100 % algod\u00f3n de cultivo org\u00e1nico con certificaci\u00f3n OCSPunto acanaladoPunto de una sola capaDetalle de orejas en 3DCorona dise\u00f1ada para m\u00e1xima comodidadDise\u00f1o con vuelta para una personalizaci\u00f3n \u00f3p&#8230;<\/p>","protected":false},"featured_media":410252,"comment_status":"open","ping_status":"closed","template":"","meta":{"_acf_changed":false},"product_brand":[11655],"product_cat":[13931,13995,13977,13986,13974,13930,13975,13976,13973],"product_tag":[14010],"class_list":{"0":"post-360510","1":"product","2":"type-product","3":"status-publish","4":"has-post-thumbnail","6":"product_brand-beechfield","7":"product_cat-rl-alta-visibilidad","8":"product_cat-n-camisetas","9":"product_cat-h-camisetas-manga-corta","10":"product_cat-m-camisetas-manga-corta","11":"product_cat-ropa-hombre","12":"product_cat-laboral","13":"product_cat-ropa-mujer","14":"product_cat-ropa-nino","15":"product_cat-ropa","16":"product_tag-nuevo-2026","17":"tm-no-options","19":"first","20":"instock","21":"taxable","22":"shipping-taxable","23":"product-type-variable"},"acf":[],"_links":{"self":[{"href":"https:\/\/grupotextil.es\/en\/wp-json\/wp\/v2\/product\/360510","targetHints":{"allow":["GET"]}}],"collection":[{"href":"https:\/\/grupotextil.es\/en\/wp-json\/wp\/v2\/product"}],"about":[{"href":"https:\/\/grupotextil.es\/en\/wp-json\/wp\/v2\/types\/product"}],"replies":[{"embeddable":true,"href":"https:\/\/grupotextil.es\/en\/wp-json\/wp\/v2\/comments?post=360510"}],"wp:featuredmedia":[{"embeddable":true,"href":"https:\/\/grupotextil.es\/en\/wp-json\/wp\/v2\/media\/410252"}],"wp:attachment":[{"href":"https:\/\/grupotextil.es\/en\/wp-json\/wp\/v2\/media?parent=360510"}],"wp:term":[{"taxonomy":"product_brand","embeddable":true,"href":"https:\/\/grupotextil.es\/en\/wp-json\/wp\/v2\/product_brand?post=360510"},{"taxonomy":"product_cat","embeddable":true,"href":"https:\/\/grupotextil.es\/en\/wp-json\/wp\/v2\/product_cat?post=360510"},{"taxonomy":"product_tag","embeddable":true,"href":"https:\/\/grupotextil.es\/en\/wp-json\/wp\/v2\/product_tag?post=360510"}],"curies":[{"name":"wp","href":"https:\/\/api.w.org\/{rel}","templated":true}]}}