{"id":360660,"date":"2026-03-08T01:58:06","date_gmt":"2026-03-08T00:58:06","guid":{"rendered":"https:\/\/grupotextil.es\/producto\/gorro-junior-snowstar-con-parche\/"},"modified":"2026-03-08T01:58:06","modified_gmt":"2026-03-08T00:58:06","slug":"gorro-junior-snowstar-con-parche","status":"publish","type":"product","link":"https:\/\/grupotextil.es\/en\/product\/gorro-junior-snowstar-con-parche\/","title":{"rendered":"Beanie junior snowstar con parche"},"content":{"rendered":"<ul>\n<li>55 % poli\u00e9ster reciclado, 45 % acr\u00edlico<\/li>\n<li>Pu\u00f1o acanalado<\/li>\n<li>Punto de doble capa<\/li>\n<li>Pomp\u00f3n bicolor<\/li>\n<li>Parche de sarga de algod\u00f3n para personalizaci\u00f3n<\/li>\n<li>Etiqueta extra\u00edble para facilitar el cambio de marca.<\/li>\n<\/ul>","protected":false},"excerpt":{"rendered":"<p>55 % poli\u00e9ster reciclado, 45 % acr\u00edlicoPu\u00f1o acanaladoPunto de doble capaPomp\u00f3n bicolorParche de sarga de algod\u00f3n para personalizaci\u00f3nEtiqueta extra\u00edble para facilitar el cambio de marca.<\/p>","protected":false},"featured_media":410312,"comment_status":"open","ping_status":"closed","template":"","meta":{"_acf_changed":false},"product_brand":[11655],"product_cat":[13931,13995,13977,13986,13974,13930,13975,13976,13973],"product_tag":[14010],"class_list":{"0":"post-360660","1":"product","2":"type-product","3":"status-publish","4":"has-post-thumbnail","6":"product_brand-beechfield","7":"product_cat-rl-alta-visibilidad","8":"product_cat-n-camisetas","9":"product_cat-h-camisetas-manga-corta","10":"product_cat-m-camisetas-manga-corta","11":"product_cat-ropa-hombre","12":"product_cat-laboral","13":"product_cat-ropa-mujer","14":"product_cat-ropa-nino","15":"product_cat-ropa","16":"product_tag-nuevo-2026","17":"tm-no-options","19":"first","20":"instock","21":"taxable","22":"shipping-taxable","23":"product-type-variable"},"acf":[],"_links":{"self":[{"href":"https:\/\/grupotextil.es\/en\/wp-json\/wp\/v2\/product\/360660","targetHints":{"allow":["GET"]}}],"collection":[{"href":"https:\/\/grupotextil.es\/en\/wp-json\/wp\/v2\/product"}],"about":[{"href":"https:\/\/grupotextil.es\/en\/wp-json\/wp\/v2\/types\/product"}],"replies":[{"embeddable":true,"href":"https:\/\/grupotextil.es\/en\/wp-json\/wp\/v2\/comments?post=360660"}],"wp:featuredmedia":[{"embeddable":true,"href":"https:\/\/grupotextil.es\/en\/wp-json\/wp\/v2\/media\/410312"}],"wp:attachment":[{"href":"https:\/\/grupotextil.es\/en\/wp-json\/wp\/v2\/media?parent=360660"}],"wp:term":[{"taxonomy":"product_brand","embeddable":true,"href":"https:\/\/grupotextil.es\/en\/wp-json\/wp\/v2\/product_brand?post=360660"},{"taxonomy":"product_cat","embeddable":true,"href":"https:\/\/grupotextil.es\/en\/wp-json\/wp\/v2\/product_cat?post=360660"},{"taxonomy":"product_tag","embeddable":true,"href":"https:\/\/grupotextil.es\/en\/wp-json\/wp\/v2\/product_tag?post=360660"}],"curies":[{"name":"wp","href":"https:\/\/api.w.org\/{rel}","templated":true}]}}