{"id":360665,"date":"2026-03-08T01:58:07","date_gmt":"2026-03-08T00:58:07","guid":{"rendered":"https:\/\/grupotextil.es\/producto\/camiseta-ajustada-mujer-2\/"},"modified":"2026-03-08T01:58:07","modified_gmt":"2026-03-08T00:58:07","slug":"camiseta-ajustada-mujer-2","status":"publish","type":"product","link":"https:\/\/grupotextil.es\/en\/product\/camiseta-ajustada-mujer-2\/","title":{"rendered":"Camiseta ajustada mujer"},"content":{"rendered":"<ul>\n<li>145 g\/m\u00b2 (White: 140 g\/m\u00b2)<\/li>\n<li>100% algod\u00f3n ring-spun<\/li>\n<li>Cuello acabado en canal\u00e9<\/li>\n<li>Cuello encintado<\/li>\n<li>Costuras laterales<\/li>\n<li>M\u00e1s larga<\/li>\n<\/ul>","protected":false},"excerpt":{"rendered":"<p>145 g\/m\u00b2 (White: 140 g\/m\u00b2)100% algod\u00f3n ring-spunCuello acabado en canal\u00e9Cuello encintadoCosturas lateralesM\u00e1s larga<\/p>","protected":false},"featured_media":410327,"comment_status":"open","ping_status":"closed","template":"","meta":{"_acf_changed":false},"product_brand":[11670],"product_cat":[13931,13995,13977,13986,13974,13930,13975,13976,13973],"product_tag":[],"class_list":{"0":"post-360665","1":"product","2":"type-product","3":"status-publish","4":"has-post-thumbnail","6":"product_brand-russell-europe","7":"product_cat-rl-alta-visibilidad","8":"product_cat-n-camisetas","9":"product_cat-h-camisetas-manga-corta","10":"product_cat-m-camisetas-manga-corta","11":"product_cat-ropa-hombre","12":"product_cat-laboral","13":"product_cat-ropa-mujer","14":"product_cat-ropa-nino","15":"product_cat-ropa","16":"tm-no-options","18":"first","19":"instock","20":"taxable","21":"shipping-taxable","22":"product-type-variable"},"acf":[],"_links":{"self":[{"href":"https:\/\/grupotextil.es\/en\/wp-json\/wp\/v2\/product\/360665","targetHints":{"allow":["GET"]}}],"collection":[{"href":"https:\/\/grupotextil.es\/en\/wp-json\/wp\/v2\/product"}],"about":[{"href":"https:\/\/grupotextil.es\/en\/wp-json\/wp\/v2\/types\/product"}],"replies":[{"embeddable":true,"href":"https:\/\/grupotextil.es\/en\/wp-json\/wp\/v2\/comments?post=360665"}],"wp:featuredmedia":[{"embeddable":true,"href":"https:\/\/grupotextil.es\/en\/wp-json\/wp\/v2\/media\/410327"}],"wp:attachment":[{"href":"https:\/\/grupotextil.es\/en\/wp-json\/wp\/v2\/media?parent=360665"}],"wp:term":[{"taxonomy":"product_brand","embeddable":true,"href":"https:\/\/grupotextil.es\/en\/wp-json\/wp\/v2\/product_brand?post=360665"},{"taxonomy":"product_cat","embeddable":true,"href":"https:\/\/grupotextil.es\/en\/wp-json\/wp\/v2\/product_cat?post=360665"},{"taxonomy":"product_tag","embeddable":true,"href":"https:\/\/grupotextil.es\/en\/wp-json\/wp\/v2\/product_tag?post=360665"}],"curies":[{"name":"wp","href":"https:\/\/api.w.org\/{rel}","templated":true}]}}