{"id":360682,"date":"2026-03-08T01:58:11","date_gmt":"2026-03-08T00:58:11","guid":{"rendered":"https:\/\/grupotextil.es\/producto\/gorro-junior-original-con-parche\/"},"modified":"2026-03-08T01:58:11","modified_gmt":"2026-03-08T00:58:11","slug":"gorro-junior-original-con-parche","status":"publish","type":"product","link":"https:\/\/grupotextil.es\/en\/product\/gorro-junior-original-con-parche\/","title":{"rendered":"Beanie junior original con parche"},"content":{"rendered":"<ul>\n<li>100 % poli\u00e9ster reciclado<\/li>\n<li>Punto de doble capa<\/li>\n<li>Parche de sarga de algod\u00f3n para personalizaci\u00f3n<\/li>\n<li>Etiqueta extra\u00edble para facilitar el cambio de marca<\/li>\n<li>Talla \u00fanica: 3-8 a\u00f1os<\/li>\n<li>Tambi\u00e9n disponible en talla para adultos.<\/li>\n<\/ul>","protected":false},"excerpt":{"rendered":"<p>100 % poli\u00e9ster recicladoPunto de doble capaParche de sarga de algod\u00f3n para personalizaci\u00f3nEtiqueta extra\u00edble para facilitar el cambio de marcaTalla \u00fanica: 3-8 a\u00f1osTambi\u00e9n disponible en talla para &#8230;<\/p>","protected":false},"featured_media":410346,"comment_status":"open","ping_status":"closed","template":"","meta":{"_acf_changed":false},"product_brand":[11655],"product_cat":[13931,13995,13977,13986,13974,13930,13975,13976,13973],"product_tag":[14010],"class_list":{"0":"post-360682","1":"product","2":"type-product","3":"status-publish","4":"has-post-thumbnail","6":"product_brand-beechfield","7":"product_cat-rl-alta-visibilidad","8":"product_cat-n-camisetas","9":"product_cat-h-camisetas-manga-corta","10":"product_cat-m-camisetas-manga-corta","11":"product_cat-ropa-hombre","12":"product_cat-laboral","13":"product_cat-ropa-mujer","14":"product_cat-ropa-nino","15":"product_cat-ropa","16":"product_tag-nuevo-2026","17":"tm-no-options","19":"first","20":"instock","21":"taxable","22":"shipping-taxable","23":"product-type-variable"},"acf":[],"_links":{"self":[{"href":"https:\/\/grupotextil.es\/en\/wp-json\/wp\/v2\/product\/360682","targetHints":{"allow":["GET"]}}],"collection":[{"href":"https:\/\/grupotextil.es\/en\/wp-json\/wp\/v2\/product"}],"about":[{"href":"https:\/\/grupotextil.es\/en\/wp-json\/wp\/v2\/types\/product"}],"replies":[{"embeddable":true,"href":"https:\/\/grupotextil.es\/en\/wp-json\/wp\/v2\/comments?post=360682"}],"wp:featuredmedia":[{"embeddable":true,"href":"https:\/\/grupotextil.es\/en\/wp-json\/wp\/v2\/media\/410346"}],"wp:attachment":[{"href":"https:\/\/grupotextil.es\/en\/wp-json\/wp\/v2\/media?parent=360682"}],"wp:term":[{"taxonomy":"product_brand","embeddable":true,"href":"https:\/\/grupotextil.es\/en\/wp-json\/wp\/v2\/product_brand?post=360682"},{"taxonomy":"product_cat","embeddable":true,"href":"https:\/\/grupotextil.es\/en\/wp-json\/wp\/v2\/product_cat?post=360682"},{"taxonomy":"product_tag","embeddable":true,"href":"https:\/\/grupotextil.es\/en\/wp-json\/wp\/v2\/product_tag?post=360682"}],"curies":[{"name":"wp","href":"https:\/\/api.w.org\/{rel}","templated":true}]}}