{"id":360739,"date":"2026-03-08T01:58:15","date_gmt":"2026-03-08T00:58:15","guid":{"rendered":"https:\/\/grupotextil.es\/producto\/gorro-retro-ski\/"},"modified":"2026-03-08T01:58:15","modified_gmt":"2026-03-08T00:58:15","slug":"gorro-retro-ski","status":"publish","type":"product","link":"https:\/\/grupotextil.es\/en\/product\/gorro-retro-ski\/","title":{"rendered":"Beanie retro ski"},"content":{"rendered":"<ul>\n<li>56 % poli\u00e9ster reciclado, 44 % acr\u00edlico<\/li>\n<li>Forro polar integral de poli\u00e9ster reciclado<\/li>\n<li>Patr\u00f3n Fair Isle atemporal<\/li>\n<li>Estilo cl\u00e1sico<\/li>\n<li>Pomp\u00f3n del mismo color<\/li>\n<li>Dise\u00f1o con vuelta para una personalizaci\u00f3n \u00f3ptima<\/li>\n<li>Etiqueta extra\u00edble para facilitar el cambio de marca.<\/li>\n<\/ul>","protected":false},"excerpt":{"rendered":"<p>56 % poli\u00e9ster reciclado, 44 % acr\u00edlicoForro polar integral de poli\u00e9ster recicladoPatr\u00f3n Fair Isle atemporalEstilo cl\u00e1sicoPomp\u00f3n del mismo colorDise\u00f1o con vuelta para una personalizaci\u00f3n \u00f3ptimaEtiq&#8230;<\/p>","protected":false},"featured_media":410418,"comment_status":"open","ping_status":"closed","template":"","meta":{"_acf_changed":false},"product_brand":[11655],"product_cat":[13931,13995,13977,13986,13974,13930,13975,13976,13973],"product_tag":[14010],"class_list":{"0":"post-360739","1":"product","2":"type-product","3":"status-publish","4":"has-post-thumbnail","6":"product_brand-beechfield","7":"product_cat-rl-alta-visibilidad","8":"product_cat-n-camisetas","9":"product_cat-h-camisetas-manga-corta","10":"product_cat-m-camisetas-manga-corta","11":"product_cat-ropa-hombre","12":"product_cat-laboral","13":"product_cat-ropa-mujer","14":"product_cat-ropa-nino","15":"product_cat-ropa","16":"product_tag-nuevo-2026","17":"tm-no-options","19":"first","20":"instock","21":"taxable","22":"shipping-taxable","23":"product-type-variable"},"acf":[],"_links":{"self":[{"href":"https:\/\/grupotextil.es\/en\/wp-json\/wp\/v2\/product\/360739","targetHints":{"allow":["GET"]}}],"collection":[{"href":"https:\/\/grupotextil.es\/en\/wp-json\/wp\/v2\/product"}],"about":[{"href":"https:\/\/grupotextil.es\/en\/wp-json\/wp\/v2\/types\/product"}],"replies":[{"embeddable":true,"href":"https:\/\/grupotextil.es\/en\/wp-json\/wp\/v2\/comments?post=360739"}],"wp:featuredmedia":[{"embeddable":true,"href":"https:\/\/grupotextil.es\/en\/wp-json\/wp\/v2\/media\/410418"}],"wp:attachment":[{"href":"https:\/\/grupotextil.es\/en\/wp-json\/wp\/v2\/media?parent=360739"}],"wp:term":[{"taxonomy":"product_brand","embeddable":true,"href":"https:\/\/grupotextil.es\/en\/wp-json\/wp\/v2\/product_brand?post=360739"},{"taxonomy":"product_cat","embeddable":true,"href":"https:\/\/grupotextil.es\/en\/wp-json\/wp\/v2\/product_cat?post=360739"},{"taxonomy":"product_tag","embeddable":true,"href":"https:\/\/grupotextil.es\/en\/wp-json\/wp\/v2\/product_tag?post=360739"}],"curies":[{"name":"wp","href":"https:\/\/api.w.org\/{rel}","templated":true}]}}