{"id":360920,"date":"2026-03-08T01:58:31","date_gmt":"2026-03-08T00:58:31","guid":{"rendered":"https:\/\/grupotextil.es\/producto\/camiseta-nino-exact-150-kids-t-shirt\/"},"modified":"2026-03-08T01:58:31","modified_gmt":"2026-03-08T00:58:31","slug":"camiseta-nino-exact-150-kids-t-shirt","status":"publish","type":"product","link":"https:\/\/grupotextil.es\/en\/product\/camiseta-nino-exact-150-kids-t-shirt\/","title":{"rendered":"T-Shirt Kids Exact 150Kids T-Shirt"},"content":{"rendered":"<ul>\n<li>145 g\/m\u00b2<\/li>\n<li>100% algod\u00f3n preencogido ring-spun<\/li>\n<li>Sport Grey: 85% algod\u00f3n, 15% viscosa<\/li>\n<li>Ash: 99% algod\u00f3n, 1% viscosa<\/li>\n<li>Canal\u00e9 1&#215;1 en el cuello<\/li>\n<li>Encintado en el cuello<\/li>\n<li>Tejido tubular<\/li>\n<\/ul>","protected":false},"excerpt":{"rendered":"<p>145 g\/m\u00b2100% algod\u00f3n preencogido ring-spunSport Grey: 85% algod\u00f3n, 15% viscosaAsh: 99% algod\u00f3n, 1% viscosaCanal\u00e9 1&#215;1 en el cuelloEncintado en el cuelloTejido tubular<\/p>","protected":false},"featured_media":410495,"comment_status":"open","ping_status":"closed","template":"","meta":{"_acf_changed":false},"product_brand":[11653],"product_cat":[13931,13995,13986,13977,13974,13930,13975,13976,13973],"product_tag":[14009],"class_list":{"0":"post-360920","1":"product","2":"type-product","3":"status-publish","4":"has-post-thumbnail","6":"product_brand-b-c","7":"product_cat-rl-alta-visibilidad","8":"product_cat-n-camisetas","9":"product_cat-m-camisetas-manga-corta","10":"product_cat-h-camisetas-manga-corta","11":"product_cat-ropa-hombre","12":"product_cat-laboral","13":"product_cat-ropa-mujer","14":"product_cat-ropa-nino","15":"product_cat-ropa","16":"product_tag-top-ventas","17":"tm-no-options","19":"first","20":"instock","21":"taxable","22":"shipping-taxable","23":"product-type-variable"},"acf":[],"_links":{"self":[{"href":"https:\/\/grupotextil.es\/en\/wp-json\/wp\/v2\/product\/360920","targetHints":{"allow":["GET"]}}],"collection":[{"href":"https:\/\/grupotextil.es\/en\/wp-json\/wp\/v2\/product"}],"about":[{"href":"https:\/\/grupotextil.es\/en\/wp-json\/wp\/v2\/types\/product"}],"replies":[{"embeddable":true,"href":"https:\/\/grupotextil.es\/en\/wp-json\/wp\/v2\/comments?post=360920"}],"wp:featuredmedia":[{"embeddable":true,"href":"https:\/\/grupotextil.es\/en\/wp-json\/wp\/v2\/media\/410495"}],"wp:attachment":[{"href":"https:\/\/grupotextil.es\/en\/wp-json\/wp\/v2\/media?parent=360920"}],"wp:term":[{"taxonomy":"product_brand","embeddable":true,"href":"https:\/\/grupotextil.es\/en\/wp-json\/wp\/v2\/product_brand?post=360920"},{"taxonomy":"product_cat","embeddable":true,"href":"https:\/\/grupotextil.es\/en\/wp-json\/wp\/v2\/product_cat?post=360920"},{"taxonomy":"product_tag","embeddable":true,"href":"https:\/\/grupotextil.es\/en\/wp-json\/wp\/v2\/product_tag?post=360920"}],"curies":[{"name":"wp","href":"https:\/\/api.w.org\/{rel}","templated":true}]}}