{"id":361206,"date":"2026-03-08T01:59:32","date_gmt":"2026-03-08T00:59:32","guid":{"rendered":"https:\/\/grupotextil.es\/producto\/camiseta-baseball-manga-3-4-unisex\/"},"modified":"2026-03-08T01:59:32","modified_gmt":"2026-03-08T00:59:32","slug":"camiseta-baseball-manga-3-4-unisex","status":"publish","type":"product","link":"https:\/\/grupotextil.es\/en\/product\/camiseta-baseball-manga-3-4-unisex\/","title":{"rendered":"T-Shirt Baseball 3\/4 Sleeve Unisex"},"content":{"rendered":"<ul>\n<li>122 g\/m\u00b2 (colores triblend: 128 g\/m\u00b2)<\/li>\n<li>Colores s\u00f3lidos\/ne\u00f3n: 52% algod\u00f3n ring-spun peinado, 48% polli\u00e9ster,<\/li>\n<li>Colores Triblend: 50% polli\u00e9ster, 25% algod\u00f3n peinado ring-spun, 25% Viscosa<\/li>\n<li>Cuello en canal\u00e9 en color de contraste<\/li>\n<li>Manga ragl\u00e1n 3\/4 en color de contraste<\/li>\n<li>Costuras laterales<\/li>\n<li>Entallada<\/li>\n<\/ul>","protected":false},"excerpt":{"rendered":"<p>122 g\/m\u00b2 (colores triblend: 128 g\/m\u00b2)Colores s\u00f3lidos\/ne\u00f3n: 52% algod\u00f3n ring-spun peinado, 48% polli\u00e9ster,Colores Triblend: 50% polli\u00e9ster, 25% algod\u00f3n peinado ring-spun, 25% ViscosaCuello en canal\u00e9 en<\/p>","protected":false},"featured_media":410612,"comment_status":"open","ping_status":"closed","template":"","meta":{"_acf_changed":false},"product_brand":[11667],"product_cat":[13931,13938,13977,13986,13974,13930,13975,13973],"product_tag":[],"class_list":{"0":"post-361206","1":"product","2":"type-product","3":"status-publish","4":"has-post-thumbnail","6":"product_brand-bella","7":"product_cat-rl-alta-visibilidad","8":"product_cat-camisas-corporativas","9":"product_cat-h-camisetas-manga-corta","10":"product_cat-m-camisetas-manga-corta","11":"product_cat-ropa-hombre","12":"product_cat-laboral","13":"product_cat-ropa-mujer","14":"product_cat-ropa","15":"tm-no-options","17":"first","18":"instock","19":"taxable","20":"shipping-taxable","21":"product-type-variable"},"acf":[],"_links":{"self":[{"href":"https:\/\/grupotextil.es\/en\/wp-json\/wp\/v2\/product\/361206","targetHints":{"allow":["GET"]}}],"collection":[{"href":"https:\/\/grupotextil.es\/en\/wp-json\/wp\/v2\/product"}],"about":[{"href":"https:\/\/grupotextil.es\/en\/wp-json\/wp\/v2\/types\/product"}],"replies":[{"embeddable":true,"href":"https:\/\/grupotextil.es\/en\/wp-json\/wp\/v2\/comments?post=361206"}],"wp:featuredmedia":[{"embeddable":true,"href":"https:\/\/grupotextil.es\/en\/wp-json\/wp\/v2\/media\/410612"}],"wp:attachment":[{"href":"https:\/\/grupotextil.es\/en\/wp-json\/wp\/v2\/media?parent=361206"}],"wp:term":[{"taxonomy":"product_brand","embeddable":true,"href":"https:\/\/grupotextil.es\/en\/wp-json\/wp\/v2\/product_brand?post=361206"},{"taxonomy":"product_cat","embeddable":true,"href":"https:\/\/grupotextil.es\/en\/wp-json\/wp\/v2\/product_cat?post=361206"},{"taxonomy":"product_tag","embeddable":true,"href":"https:\/\/grupotextil.es\/en\/wp-json\/wp\/v2\/product_tag?post=361206"}],"curies":[{"name":"wp","href":"https:\/\/api.w.org\/{rel}","templated":true}]}}